{"id":70,"date":"2019-07-14T16:21:40","date_gmt":"2019-07-14T16:21:40","guid":{"rendered":"https:\/\/degames.uniri.hr\/?page_id=70"},"modified":"2022-07-19T06:15:20","modified_gmt":"2022-07-19T06:15:20","slug":"naslovnica","status":"publish","type":"page","link":"https:\/\/degames.uniri.hr\/","title":{"rendered":""},"content":{"rendered":"\t\t<div data-elementor-type=\"wp-post\" data-elementor-id=\"70\" class=\"elementor elementor-70\">\n\t\t\t\t\t\t<section class=\"has_eae_slider elementor-section elementor-top-section elementor-element elementor-element-7d5f8a2 elementor-section-boxed elementor-section-height-default elementor-section-height-default\" data-eae-slider=\"49303\" data-id=\"7d5f8a2\" data-element_type=\"section\" data-e-type=\"section\">\n\t\t\t\t\t\t<div class=\"elementor-container elementor-column-gap-default\">\n\t\t\t\t\t<div class=\"has_eae_slider elementor-column elementor-col-100 elementor-top-column elementor-element elementor-element-436070a\" data-eae-slider=\"66282\" data-id=\"436070a\" data-element_type=\"column\" data-e-type=\"column\">\n\t\t\t<div class=\"elementor-widget-wrap elementor-element-populated\">\n\t\t\t\t\t\t<div class=\"elementor-element elementor-element-347bfbc elementor-invisible elementor-widget elementor-widget-image-box\" data-id=\"347bfbc\" data-element_type=\"widget\" data-e-type=\"widget\" data-settings=\"{&quot;_animation&quot;:&quot;zoomIn&quot;}\" data-widget_type=\"image-box.default\">\n\t\t\t\t<div class=\"elementor-widget-container\">\n\t\t\t\t\t<div class=\"elementor-image-box-wrapper\"><div class=\"elementor-image-box-content\"><p class=\"elementor-image-box-description\">EduLab Fakulteta informatike i digitalnih tehnologija Sveu\u010dili\u0161ta u Rijeci  okuplja istra\u017eiva\u010de koji provode interdisciplinarna istra\u017eivanja u podru\u010dju e-u\u010denja odnosno razvoja i primjene naprednih informacijskih tehnologija za unaprje\u0111enje kvalitete u\u010denja i pou\u010davanja.<\/p><\/div><\/div>\t\t\t\t<\/div>\n\t\t\t\t<\/div>\n\t\t\t\t\t<\/div>\n\t\t<\/div>\n\t\t\t\t\t<\/div>\n\t\t<\/section>\n\t\t\t\t<section class=\"has_eae_slider elementor-section elementor-top-section elementor-element elementor-element-553226a elementor-section-boxed elementor-section-height-default elementor-section-height-default\" data-eae-slider=\"61552\" data-id=\"553226a\" data-element_type=\"section\" data-e-type=\"section\">\n\t\t\t\t\t\t<div class=\"elementor-container elementor-column-gap-default\">\n\t\t\t\t\t<div class=\"has_eae_slider elementor-column elementor-col-100 elementor-top-column elementor-element elementor-element-cc2505a\" data-eae-slider=\"8922\" data-id=\"cc2505a\" data-element_type=\"column\" data-e-type=\"column\">\n\t\t\t<div class=\"elementor-widget-wrap elementor-element-populated\">\n\t\t\t\t\t\t<div class=\"elementor-element elementor-element-00e8f27 elementor-widget elementor-widget-heading\" data-id=\"00e8f27\" data-element_type=\"widget\" data-e-type=\"widget\" data-widget_type=\"heading.default\">\n\t\t\t\t<div class=\"elementor-widget-container\">\n\t\t\t\t\t<h2 class=\"elementor-heading-title elementor-size-default\">Podru\u010dja istra\u017eivanja<\/h2>\t\t\t\t<\/div>\n\t\t\t\t<\/div>\n\t\t\t\t\t<\/div>\n\t\t<\/div>\n\t\t\t\t\t<\/div>\n\t\t<\/section>\n\t\t\t\t<section class=\"has_eae_slider elementor-section elementor-top-section elementor-element elementor-element-95f1403 elementor-section-boxed elementor-section-height-default elementor-section-height-default\" data-eae-slider=\"16001\" data-id=\"95f1403\" data-element_type=\"section\" data-e-type=\"section\">\n\t\t\t\t\t\t<div class=\"elementor-container elementor-column-gap-default\">\n\t\t\t\t\t<div class=\"has_eae_slider elementor-column elementor-col-25 elementor-top-column elementor-element elementor-element-0db742a\" data-eae-slider=\"3312\" data-id=\"0db742a\" data-element_type=\"column\" data-e-type=\"column\">\n\t\t\t<div class=\"elementor-widget-wrap elementor-element-populated\">\n\t\t\t\t\t\t<div class=\"elementor-element elementor-element-678583c elementor-position-top elementor-invisible elementor-widget elementor-widget-image-box\" data-id=\"678583c\" data-element_type=\"widget\" data-e-type=\"widget\" data-settings=\"{&quot;_animation&quot;:&quot;zoomIn&quot;}\" data-widget_type=\"image-box.default\">\n\t\t\t\t<div class=\"elementor-widget-container\">\n\t\t\t\t\t<div class=\"elementor-image-box-wrapper\"><figure class=\"elementor-image-box-img\"><a href=\"https:\/\/degames.uniri.hr\/?page_id=263\" tabindex=\"-1\"><img fetchpriority=\"high\" decoding=\"async\" width=\"512\" height=\"512\" src=\"https:\/\/degames.uniri.hr\/wp-content\/uploads\/2019\/07\/r_razmisljanje_white_novo.png\" class=\"attachment-full size-full wp-image-301\" alt=\"\" srcset=\"https:\/\/degames.uniri.hr\/wp-content\/uploads\/2019\/07\/r_razmisljanje_white_novo.png 512w, https:\/\/degames.uniri.hr\/wp-content\/uploads\/2019\/07\/r_razmisljanje_white_novo-150x150.png 150w, https:\/\/degames.uniri.hr\/wp-content\/uploads\/2019\/07\/r_razmisljanje_white_novo-300x300.png 300w\" sizes=\"(max-width: 512px) 100vw, 512px\" \/><\/a><\/figure><div class=\"elementor-image-box-content\"><h3 class=\"elementor-image-box-title\"><a href=\"https:\/\/degames.uniri.hr\/?page_id=263\">Ra\u010dunalno razmi\u0161ljanje<\/a><\/h3><p class=\"elementor-image-box-description\">Istra\u017eit \u0107e se uvo\u0111enje koncepata ra\u010dunalnog razmi\u0161ljanja u pou\u010davanje razli\u010ditih predmeta u ni\u017eim razredima osnovne \u0161kole kori\u0161tenjem GBL koje \u0107e kod u\u010denika potaknuti kreativnost, logi\u010dko razmi\u0161ljanje i vje\u0161tine rje\u0161avanja problema.<\/p><\/div><\/div>\t\t\t\t<\/div>\n\t\t\t\t<\/div>\n\t\t\t\t\t<\/div>\n\t\t<\/div>\n\t\t\t\t<div class=\"has_eae_slider elementor-column elementor-col-25 elementor-top-column elementor-element elementor-element-5d52bd6\" data-eae-slider=\"92608\" data-id=\"5d52bd6\" data-element_type=\"column\" data-e-type=\"column\">\n\t\t\t<div class=\"elementor-widget-wrap elementor-element-populated\">\n\t\t\t\t\t\t<div class=\"elementor-element elementor-element-6c434a7 elementor-position-top elementor-invisible elementor-widget elementor-widget-image-box\" data-id=\"6c434a7\" data-element_type=\"widget\" data-e-type=\"widget\" data-settings=\"{&quot;_animation&quot;:&quot;zoomIn&quot;}\" data-widget_type=\"image-box.default\">\n\t\t\t\t<div class=\"elementor-widget-container\">\n\t\t\t\t\t<div class=\"elementor-image-box-wrapper\"><figure class=\"elementor-image-box-img\"><a href=\"https:\/\/degames.uniri.hr\/?page_id=271\" tabindex=\"-1\"><img decoding=\"async\" width=\"512\" height=\"512\" src=\"https:\/\/degames.uniri.hr\/wp-content\/uploads\/2019\/07\/programiranje_white.png\" class=\"attachment-full size-full wp-image-130\" alt=\"\" srcset=\"https:\/\/degames.uniri.hr\/wp-content\/uploads\/2019\/07\/programiranje_white.png 512w, https:\/\/degames.uniri.hr\/wp-content\/uploads\/2019\/07\/programiranje_white-150x150.png 150w, https:\/\/degames.uniri.hr\/wp-content\/uploads\/2019\/07\/programiranje_white-300x300.png 300w\" sizes=\"(max-width: 512px) 100vw, 512px\" \/><\/a><\/figure><div class=\"elementor-image-box-content\"><h3 class=\"elementor-image-box-title\"><a href=\"https:\/\/degames.uniri.hr\/?page_id=271\">U\u010denje programiranja<\/a><\/h3><p class=\"elementor-image-box-description\">Istra\u017eit \u0107e se kako se GBL mo\u017ee primijeniti za poticanje motivacije za u\u010denje programiranja odnosno ostvarivanje ishoda domene ra\u010dunalno razmi\u0161ljanje i programiranje u nastavi Informatike u osnovnoj \u0161koli.<br><br><\/p><\/div><\/div>\t\t\t\t<\/div>\n\t\t\t\t<\/div>\n\t\t\t\t\t<\/div>\n\t\t<\/div>\n\t\t\t\t<div class=\"has_eae_slider elementor-column elementor-col-25 elementor-top-column elementor-element elementor-element-bc0dee1\" data-eae-slider=\"40851\" data-id=\"bc0dee1\" data-element_type=\"column\" data-e-type=\"column\">\n\t\t\t<div class=\"elementor-widget-wrap elementor-element-populated\">\n\t\t\t\t\t\t<div class=\"elementor-element elementor-element-a114261 elementor-position-top elementor-invisible elementor-widget elementor-widget-image-box\" data-id=\"a114261\" data-element_type=\"widget\" data-e-type=\"widget\" data-settings=\"{&quot;_animation&quot;:&quot;zoomIn&quot;}\" data-widget_type=\"image-box.default\">\n\t\t\t\t<div class=\"elementor-widget-container\">\n\t\t\t\t\t<div class=\"elementor-image-box-wrapper\"><figure class=\"elementor-image-box-img\"><a href=\"https:\/\/degames.uniri.hr\/?page_id=275\" tabindex=\"-1\"><img decoding=\"async\" width=\"624\" height=\"610\" src=\"https:\/\/degames.uniri.hr\/wp-content\/uploads\/2019\/07\/Inclusion-Lethbridge_Icon_White.png\" class=\"attachment-full size-full wp-image-129\" alt=\"\" srcset=\"https:\/\/degames.uniri.hr\/wp-content\/uploads\/2019\/07\/Inclusion-Lethbridge_Icon_White.png 624w, https:\/\/degames.uniri.hr\/wp-content\/uploads\/2019\/07\/Inclusion-Lethbridge_Icon_White-300x293.png 300w\" sizes=\"(max-width: 624px) 100vw, 624px\" \/><\/a><\/figure><div class=\"elementor-image-box-content\"><h3 class=\"elementor-image-box-title\"><a href=\"https:\/\/degames.uniri.hr\/?page_id=275\">Inkluzivno obrazovanje<\/a><\/h3><p class=\"elementor-image-box-description\">Istra\u017eit \u0107e se i kako se koncepti GBL mogu iskoristiti za promicanje inkluzije u\u010denika s intelektualnim te\u0161ko\u0107ama kroz pomo\u0107 u usvajanju novih podataka, razvoju novih vje\u0161tina i stjecanju \u017eivotnih kompetencija.<br><br><\/p><\/div><\/div>\t\t\t\t<\/div>\n\t\t\t\t<\/div>\n\t\t\t\t\t<\/div>\n\t\t<\/div>\n\t\t\t\t<div class=\"has_eae_slider elementor-column elementor-col-25 elementor-top-column elementor-element elementor-element-86067eb\" data-eae-slider=\"51370\" data-id=\"86067eb\" data-element_type=\"column\" data-e-type=\"column\">\n\t\t\t<div class=\"elementor-widget-wrap elementor-element-populated\">\n\t\t\t\t\t\t<div class=\"elementor-element elementor-element-3a58949 elementor-position-top elementor-invisible elementor-widget elementor-widget-image-box\" data-id=\"3a58949\" data-element_type=\"widget\" data-e-type=\"widget\" data-settings=\"{&quot;_animation&quot;:&quot;zoomIn&quot;}\" data-widget_type=\"image-box.default\">\n\t\t\t\t<div class=\"elementor-widget-container\">\n\t\t\t\t\t<div class=\"elementor-image-box-wrapper\"><figure class=\"elementor-image-box-img\"><img loading=\"lazy\" decoding=\"async\" width=\"512\" height=\"512\" src=\"https:\/\/degames.uniri.hr\/wp-content\/uploads\/2022\/07\/e_learning.png\" class=\"attachment-full size-full wp-image-1803\" alt=\"\" srcset=\"https:\/\/degames.uniri.hr\/wp-content\/uploads\/2022\/07\/e_learning.png 512w, https:\/\/degames.uniri.hr\/wp-content\/uploads\/2022\/07\/e_learning-300x300.png 300w, https:\/\/degames.uniri.hr\/wp-content\/uploads\/2022\/07\/e_learning-150x150.png 150w\" sizes=\"(max-width: 512px) 100vw, 512px\" \/><\/figure><div class=\"elementor-image-box-content\"><h3 class=\"elementor-image-box-title\">Modeli <br> e-u\u010denja<\/h3><p class=\"elementor-image-box-description\">Razviti \u0107e se modeli e-u\u010denja temeljeni na obrazovnim igrama,\nigrifikaciji i obrazovnim sustavima preporu\u010divanja te suvremeni pedago\u0161ko-tehnolo\u0161ki okviri za unaprje\u0111enje kvalitete u\u010denja, pou\u010davanja i vrednovanja pomo\u0107u IKT. <br><\/p><\/div><\/div>\t\t\t\t<\/div>\n\t\t\t\t<\/div>\n\t\t\t\t\t<\/div>\n\t\t<\/div>\n\t\t\t\t\t<\/div>\n\t\t<\/section>\n\t\t\t\t<section class=\"has_eae_slider elementor-section elementor-top-section elementor-element elementor-element-4d2c5a1 elementor-section-boxed elementor-section-height-default elementor-section-height-default\" data-eae-slider=\"22720\" data-id=\"4d2c5a1\" data-element_type=\"section\" data-e-type=\"section\">\n\t\t\t\t\t\t<div class=\"elementor-container elementor-column-gap-default\">\n\t\t\t\t\t<div class=\"has_eae_slider elementor-column elementor-col-100 elementor-top-column elementor-element elementor-element-a8ff19d\" data-eae-slider=\"96288\" data-id=\"a8ff19d\" data-element_type=\"column\" data-e-type=\"column\">\n\t\t\t<div class=\"elementor-widget-wrap elementor-element-populated\">\n\t\t\t\t\t\t<div class=\"elementor-element elementor-element-beb626a elementor-widget elementor-widget-spacer\" data-id=\"beb626a\" data-element_type=\"widget\" data-e-type=\"widget\" data-widget_type=\"spacer.default\">\n\t\t\t\t<div class=\"elementor-widget-container\">\n\t\t\t\t\t\t\t<div class=\"elementor-spacer\">\n\t\t\t<div class=\"elementor-spacer-inner\"><\/div>\n\t\t<\/div>\n\t\t\t\t\t\t<\/div>\n\t\t\t\t<\/div>\n\t\t\t\t<div class=\"elementor-element elementor-element-a9d12a4 elementor-widget elementor-widget-heading\" data-id=\"a9d12a4\" data-element_type=\"widget\" data-e-type=\"widget\" data-widget_type=\"heading.default\">\n\t\t\t\t<div class=\"elementor-widget-container\">\n\t\t\t\t\t<h2 class=\"elementor-heading-title elementor-size-default\">Vijesti<\/h2>\t\t\t\t<\/div>\n\t\t\t\t<\/div>\n\t\t\t\t\t<\/div>\n\t\t<\/div>\n\t\t\t\t\t<\/div>\n\t\t<\/section>\n\t\t\t\t<section class=\"has_eae_slider elementor-section elementor-top-section elementor-element elementor-element-32a7ff5 elementor-section-boxed elementor-section-height-default elementor-section-height-default\" data-eae-slider=\"92007\" data-id=\"32a7ff5\" data-element_type=\"section\" data-e-type=\"section\">\n\t\t\t\t\t\t<div class=\"elementor-container elementor-column-gap-default\">\n\t\t\t\t\t<div class=\"has_eae_slider elementor-column elementor-col-100 elementor-top-column elementor-element elementor-element-3e2f35a\" data-eae-slider=\"25351\" data-id=\"3e2f35a\" data-element_type=\"column\" data-e-type=\"column\">\n\t\t\t<div class=\"elementor-widget-wrap elementor-element-populated\">\n\t\t\t\t\t\t<div class=\"elementor-element elementor-element-e5304df eae-pl-img-align-left elementor-widget elementor-widget-wts-postlist\" data-id=\"e5304df\" data-element_type=\"widget\" data-e-type=\"widget\" data-widget_type=\"wts-postlist.default\">\n\t\t\t\t<div class=\"elementor-widget-container\">\n\t\t\t\t\t\t\t\t<div class=\"wts-eae-pl-wrapper\">\n\t\t\t\t\t\t\t\t\t\t<ul>\n\t\t\t\t\t\t\t\t\t\t\t\t\t\t<li>\n\t\t\t\t\t\t\t\t\t\t\t\t\t\t\t\t\t<h3 class=\"eae-pl-title\"><a href=\"https:\/\/degames.uniri.hr\/?p=3236\" title=\"MetaRoboLearn radionica (1. ciklus): U\u010denje programiranja kori\u0161tenjem AI robota\">MetaRoboLearn radionica (1. ciklus): U\u010denje programiranja kori\u0161tenjem AI robota<\/a><\/h3>\n\t\t\t\t\t\t\t\t\t\t\t\t\t\t\t\t\t\t\t\t\t\t\t\t\t<div class=\"eae-pl-image-wrapper\">\n\t\t\t\t\t\t\t\t\t\t<a href=\"https:\/\/degames.uniri.hr\/?p=3236\" title=\"MetaRoboLearn radionica (1. ciklus): U\u010denje programiranja kori\u0161tenjem AI robota\">\n\t\t\t\t\t\t\t\t\t\t\t<img loading=\"lazy\" decoding=\"async\" width=\"150\" height=\"150\" src=\"https:\/\/degames.uniri.hr\/wp-content\/uploads\/2026\/03\/IMG_1206-150x150.jpg\" class=\"attachment-thumbnail size-thumbnail wp-post-image\" alt=\"\" \/>\t\t\t\t\t\t\t\t\t\t<\/a>\n\t\t\t\t\t\t\t\t\t<\/div>\n\t\t\t\t\t\t\t\t\t\t\t\t\t\t\t\t\t\t<div class=\"eae-pl-content-box-wrapper\">\n\n\t\t\t\t\t\t\t\t\t\n\t\t\t\t\t\t\t\t\t\t\t\t\t\t\t\t\t\t\t<div class=\"eae-pl-content-box\">\n\t\t\t\t\t\t\t\t\t\t\tU sklopu projekta MetaRoboLearn, 17. o\u017eujka 2026. na Fakultetu informatike i digitalnih tehnologija odr\u017eana je radionica koju su vodili Antun Drobnjak, univ. mag. ing. comp., Ivan Terzi\u0107, univ. mag. ing. comp., Lovro Jaki\u0107, univ. mag. ing. comp. i Matija Lovrekovi\u0107,...\t\t\t\t\t\t\t\t\t\t<\/div>\n\t\t\t\t\t\t\t\t\t\n\t\t\t\t\t\t\t\t\t\t\t\t\t\t\t\t\t\t\t<div class=\"eae-pl-readmore\">\n\t\t\t\t\t\t\t\t\t\t\t<a href=\"https:\/\/degames.uniri.hr\/?p=3236\" title=\"MetaRoboLearn radionica (1. ciklus): U\u010denje programiranja kori\u0161tenjem AI robota\">Vi\u0161e<\/a>\n\t\t\t\t\t\t\t\t\t\t<\/div>\n\t\t\t\t\t\t\t\t\t\t\t\t\t\t\t\t\t\t<\/div>\n\t\t\t\t\t\t\t\t<\/li>\n\t\t\t\t\t\t\t\t\t\t\t\t\t\t\t<li>\n\t\t\t\t\t\t\t\t\t\t\t\t\t\t\t\t\t<h3 class=\"eae-pl-title\"><a href=\"https:\/\/degames.uniri.hr\/?p=3222\" title=\"Bo\u017ei\u0107na radionica robotike i programiranja u sklopu projekta MetaRoboLearn\">Bo\u017ei\u0107na radionica robotike i programiranja u sklopu projekta MetaRoboLearn<\/a><\/h3>\n\t\t\t\t\t\t\t\t\t\t\t\t\t\t\t\t\t\t\t\t\t\t\t\t\t<div class=\"eae-pl-image-wrapper\">\n\t\t\t\t\t\t\t\t\t\t<a href=\"https:\/\/degames.uniri.hr\/?p=3222\" title=\"Bo\u017ei\u0107na radionica robotike i programiranja u sklopu projekta MetaRoboLearn\">\n\t\t\t\t\t\t\t\t\t\t\t<img loading=\"lazy\" decoding=\"async\" width=\"150\" height=\"150\" src=\"https:\/\/degames.uniri.hr\/wp-content\/uploads\/2026\/03\/IMG_6370-150x150.jpg\" class=\"attachment-thumbnail size-thumbnail wp-post-image\" alt=\"\" \/>\t\t\t\t\t\t\t\t\t\t<\/a>\n\t\t\t\t\t\t\t\t\t<\/div>\n\t\t\t\t\t\t\t\t\t\t\t\t\t\t\t\t\t\t<div class=\"eae-pl-content-box-wrapper\">\n\n\t\t\t\t\t\t\t\t\t\n\t\t\t\t\t\t\t\t\t\t\t\t\t\t\t\t\t\t\t<div class=\"eae-pl-content-box\">\n\t\t\t\t\t\t\t\t\t\t\tU sklopu projekta MetaRoboLearn odr\u017eana je bo\u017ei\u0107na radionica 18. prosinca 2025. godine na Fakultetu informatike i digitalnih tehnologija. Radionicu su vodili Ivan Terzi\u0107, univ. bacc. ing. i Lovro Jaki\u0107, univ. bacc. ing., s Fakulteta elektrotehnike i ra\u010dunarstva Sveu\u010dili\u0161ta u Zagrebu...\t\t\t\t\t\t\t\t\t\t<\/div>\n\t\t\t\t\t\t\t\t\t\n\t\t\t\t\t\t\t\t\t\t\t\t\t\t\t\t\t\t\t<div class=\"eae-pl-readmore\">\n\t\t\t\t\t\t\t\t\t\t\t<a href=\"https:\/\/degames.uniri.hr\/?p=3222\" title=\"Bo\u017ei\u0107na radionica robotike i programiranja u sklopu projekta MetaRoboLearn\">Vi\u0161e<\/a>\n\t\t\t\t\t\t\t\t\t\t<\/div>\n\t\t\t\t\t\t\t\t\t\t\t\t\t\t\t\t\t\t<\/div>\n\t\t\t\t\t\t\t\t<\/li>\n\t\t\t\t\t\t\t\t\t\t\t\t\t\t\t<li>\n\t\t\t\t\t\t\t\t\t\t\t\t\t\t\t\t\t<h3 class=\"eae-pl-title\"><a href=\"https:\/\/degames.uniri.hr\/?p=3201\" title=\"Prezentacija na radionici MetaRoboLearn u okviru konferencije ICCE 2025\">Prezentacija na radionici MetaRoboLearn u okviru konferencije ICCE 2025<\/a><\/h3>\n\t\t\t\t\t\t\t\t\t\t\t\t\t\t\t\t\t\t\t\t\t\t\t\t\t<div class=\"eae-pl-image-wrapper\">\n\t\t\t\t\t\t\t\t\t\t<a href=\"https:\/\/degames.uniri.hr\/?p=3201\" title=\"Prezentacija na radionici MetaRoboLearn u okviru konferencije ICCE 2025\">\n\t\t\t\t\t\t\t\t\t\t\t<img loading=\"lazy\" decoding=\"async\" width=\"150\" height=\"150\" src=\"https:\/\/degames.uniri.hr\/wp-content\/uploads\/2025\/12\/IMG_1225-150x150.jpg\" class=\"attachment-thumbnail size-thumbnail wp-post-image\" alt=\"\" \/>\t\t\t\t\t\t\t\t\t\t<\/a>\n\t\t\t\t\t\t\t\t\t<\/div>\n\t\t\t\t\t\t\t\t\t\t\t\t\t\t\t\t\t\t<div class=\"eae-pl-content-box-wrapper\">\n\n\t\t\t\t\t\t\t\t\t\n\t\t\t\t\t\t\t\t\t\t\t\t\t\t\t\t\t\t\t<div class=\"eae-pl-content-box\">\n\t\t\t\t\t\t\t\t\t\t\tNa me\u0111unarodnoj radionici 1st ICCE Workshop on Seamless Learning with Educational Robots and Metaverse Technology u sklopu konferencije ICCE 2025 odr\u017eanoj u Chennaiju (Indija), izv. prof. dr. sc. Martina Holenko Dlab predstavila je znanstveni rad pod naslovom \u201cExploring Primary School...\t\t\t\t\t\t\t\t\t\t<\/div>\n\t\t\t\t\t\t\t\t\t\n\t\t\t\t\t\t\t\t\t\t\t\t\t\t\t\t\t\t\t<div class=\"eae-pl-readmore\">\n\t\t\t\t\t\t\t\t\t\t\t<a href=\"https:\/\/degames.uniri.hr\/?p=3201\" title=\"Prezentacija na radionici MetaRoboLearn u okviru konferencije ICCE 2025\">Vi\u0161e<\/a>\n\t\t\t\t\t\t\t\t\t\t<\/div>\n\t\t\t\t\t\t\t\t\t\t\t\t\t\t\t\t\t\t<\/div>\n\t\t\t\t\t\t\t\t<\/li>\n\t\t\t\t\t\t\t\t\t\t\t\t\t\t\t<li>\n\t\t\t\t\t\t\t\t\t\t\t\t\t\t\t\t\t<h3 class=\"eae-pl-title\"><a href=\"https:\/\/degames.uniri.hr\/?p=3199\" title=\"Sudjelovanje u organizaciji radionice MetaRoboLearn Workshop\">Sudjelovanje u organizaciji radionice MetaRoboLearn Workshop<\/a><\/h3>\n\t\t\t\t\t\t\t\t\t\t\t\t\t\t\t\t\t\t\t\t\t\t\t\t\t<div class=\"eae-pl-image-wrapper\">\n\t\t\t\t\t\t\t\t\t\t<a href=\"https:\/\/degames.uniri.hr\/?p=3199\" title=\"Sudjelovanje u organizaciji radionice MetaRoboLearn Workshop\">\n\t\t\t\t\t\t\t\t\t\t\t<img loading=\"lazy\" decoding=\"async\" width=\"150\" height=\"150\" src=\"https:\/\/degames.uniri.hr\/wp-content\/uploads\/2025\/12\/IMG_1224-150x150.jpg\" class=\"attachment-thumbnail size-thumbnail wp-post-image\" alt=\"\" \/>\t\t\t\t\t\t\t\t\t\t<\/a>\n\t\t\t\t\t\t\t\t\t<\/div>\n\t\t\t\t\t\t\t\t\t\t\t\t\t\t\t\t\t\t<div class=\"eae-pl-content-box-wrapper\">\n\n\t\t\t\t\t\t\t\t\t\n\t\t\t\t\t\t\t\t\t\t\t\t\t\t\t\t\t\t\t<div class=\"eae-pl-content-box\">\n\t\t\t\t\t\t\t\t\t\t\t\u010clanovi laboratorija aktivno su sudjelovali u organizaciji me\u0111unarodne radionice 1st ICCE Workshop on Seamless Learning with Educational Robots and Metaverse Technology u okviru ICCE 2025 konferencije. Radionica je usmjerena na istra\u017eivanje pristupa neprekinutog u\u010denja kombiniranjem obrazovne robotike i tehnologija metaverzuma...\t\t\t\t\t\t\t\t\t\t<\/div>\n\t\t\t\t\t\t\t\t\t\n\t\t\t\t\t\t\t\t\t\t\t\t\t\t\t\t\t\t\t<div class=\"eae-pl-readmore\">\n\t\t\t\t\t\t\t\t\t\t\t<a href=\"https:\/\/degames.uniri.hr\/?p=3199\" title=\"Sudjelovanje u organizaciji radionice MetaRoboLearn Workshop\">Vi\u0161e<\/a>\n\t\t\t\t\t\t\t\t\t\t<\/div>\n\t\t\t\t\t\t\t\t\t\t\t\t\t\t\t\t\t\t<\/div>\n\t\t\t\t\t\t\t\t<\/li>\n\t\t\t\t\t\t\t\t\t\t\t\t\t<\/ul>\n\t\t\t\t\t\t\t\t\t<\/div>\n\t\t\t\t\t\t<\/div>\n\t\t\t\t<\/div>\n\t\t\t\t\t<\/div>\n\t\t<\/div>\n\t\t\t\t\t<\/div>\n\t\t<\/section>\n\t\t\t\t<section class=\"has_eae_slider elementor-section elementor-top-section elementor-element elementor-element-75e5533 elementor-section-boxed elementor-section-height-default elementor-section-height-default\" data-eae-slider=\"54820\" data-id=\"75e5533\" data-element_type=\"section\" data-e-type=\"section\">\n\t\t\t\t\t\t<div class=\"elementor-container elementor-column-gap-default\">\n\t\t\t\t\t<div class=\"has_eae_slider elementor-column elementor-col-100 elementor-top-column elementor-element elementor-element-dbc0464\" data-eae-slider=\"63715\" data-id=\"dbc0464\" data-element_type=\"column\" data-e-type=\"column\">\n\t\t\t<div class=\"elementor-widget-wrap elementor-element-populated\">\n\t\t\t\t\t\t<div class=\"elementor-element elementor-element-eb6e5a1 elementor-align-right elementor-widget elementor-widget-button\" data-id=\"eb6e5a1\" data-element_type=\"widget\" data-e-type=\"widget\" data-widget_type=\"button.default\">\n\t\t\t\t<div class=\"elementor-widget-container\">\n\t\t\t\t\t\t\t\t\t<div class=\"elementor-button-wrapper\">\n\t\t\t\t\t<a class=\"elementor-button elementor-button-link elementor-size-sm\" href=\"https:\/\/degames.uniri.hr\/?page_id=333\">\n\t\t\t\t\t\t<span class=\"elementor-button-content-wrapper\">\n\t\t\t\t\t\t<span class=\"elementor-button-icon\">\n\t\t\t\t<i aria-hidden=\"true\" class=\"fas fa-angle-double-right\"><\/i>\t\t\t<\/span>\n\t\t\t\t\t\t\t\t\t<span class=\"elementor-button-text\">Prethodne vijesti<\/span>\n\t\t\t\t\t<\/span>\n\t\t\t\t\t<\/a>\n\t\t\t\t<\/div>\n\t\t\t\t\t\t\t\t<\/div>\n\t\t\t\t<\/div>\n\t\t\t\t\t<\/div>\n\t\t<\/div>\n\t\t\t\t\t<\/div>\n\t\t<\/section>\n\t\t\t\t<\/div>\n\t\t","protected":false},"excerpt":{"rendered":"<p>EduLab Fakulteta informatike i digitalnih tehnologija Sveu\u010dili\u0161ta u Rijeci okuplja istra\u017eiva\u010de koji provode interdisciplinarna istra\u017eivanja u podru\u010dju e-u\u010denja odnosno razvoja i primjene naprednih informacijskih tehnologija za unaprje\u0111enje kvalitete u\u010denja i pou\u010davanja. Podru\u010dja istra\u017eivanja Ra\u010dunalno razmi\u0161ljanje Istra\u017eit \u0107e se uvo\u0111enje koncepata ra\u010dunalnog razmi\u0161ljanja u pou\u010davanje razli\u010ditih predmeta u ni\u017eim razredima osnovne \u0161kole kori\u0161tenjem GBL koje \u0107e [&hellip;]<\/p>\n","protected":false},"author":3,"featured_media":0,"parent":0,"menu_order":1,"comment_status":"closed","ping_status":"closed","template":"","meta":{"footnotes":""},"class_list":["post-70","page","type-page","status-publish","hentry"],"_links":{"self":[{"href":"https:\/\/degames.uniri.hr\/index.php?rest_route=\/wp\/v2\/pages\/70","targetHints":{"allow":["GET"]}}],"collection":[{"href":"https:\/\/degames.uniri.hr\/index.php?rest_route=\/wp\/v2\/pages"}],"about":[{"href":"https:\/\/degames.uniri.hr\/index.php?rest_route=\/wp\/v2\/types\/page"}],"author":[{"embeddable":true,"href":"https:\/\/degames.uniri.hr\/index.php?rest_route=\/wp\/v2\/users\/3"}],"replies":[{"embeddable":true,"href":"https:\/\/degames.uniri.hr\/index.php?rest_route=%2Fwp%2Fv2%2Fcomments&post=70"}],"version-history":[{"count":114,"href":"https:\/\/degames.uniri.hr\/index.php?rest_route=\/wp\/v2\/pages\/70\/revisions"}],"predecessor-version":[{"id":1892,"href":"https:\/\/degames.uniri.hr\/index.php?rest_route=\/wp\/v2\/pages\/70\/revisions\/1892"}],"wp:attachment":[{"href":"https:\/\/degames.uniri.hr\/index.php?rest_route=%2Fwp%2Fv2%2Fmedia&parent=70"}],"curies":[{"name":"wp","href":"https:\/\/api.w.org\/{rel}","templated":true}]}}