{"id":52,"date":"2019-07-14T16:07:12","date_gmt":"2019-07-14T16:07:12","guid":{"rendered":"https:\/\/degames.uniri.hr\/?page_id=52"},"modified":"2025-10-16T11:02:04","modified_gmt":"2025-10-16T11:02:04","slug":"o-projektu-2","status":"publish","type":"page","link":"https:\/\/degames.uniri.hr\/?page_id=52","title":{"rendered":"Projekti"},"content":{"rendered":"\t\t<div data-elementor-type=\"wp-post\" data-elementor-id=\"52\" class=\"elementor elementor-52\">\n\t\t\t\t\t\t<section class=\"has_eae_slider elementor-section elementor-top-section elementor-element elementor-element-db1c0bd elementor-section-boxed elementor-section-height-default elementor-section-height-default\" data-eae-slider=\"36965\" data-id=\"db1c0bd\" data-element_type=\"section\" data-e-type=\"section\">\n\t\t\t\t\t\t<div class=\"elementor-container elementor-column-gap-default\">\n\t\t\t\t\t<div class=\"has_eae_slider elementor-column elementor-col-100 elementor-top-column elementor-element elementor-element-dc36218\" data-eae-slider=\"64806\" data-id=\"dc36218\" data-element_type=\"column\" data-e-type=\"column\">\n\t\t\t<div class=\"elementor-widget-wrap elementor-element-populated\">\n\t\t\t\t\t\t<div class=\"elementor-element elementor-element-2704a58 elementor-widget elementor-widget-heading\" data-id=\"2704a58\" data-element_type=\"widget\" data-e-type=\"widget\" data-widget_type=\"heading.default\">\n\t\t\t\t<div class=\"elementor-widget-container\">\n\t\t\t\t\t<h2 class=\"elementor-heading-title elementor-size-default\">Aktivni projekti<\/h2>\t\t\t\t<\/div>\n\t\t\t\t<\/div>\n\t\t\t\t\t<\/div>\n\t\t<\/div>\n\t\t\t\t\t<\/div>\n\t\t<\/section>\n\t\t\t\t<section class=\"has_eae_slider elementor-section elementor-top-section elementor-element elementor-element-ed941f0 elementor-section-full_width elementor-section-height-default elementor-section-height-default\" data-eae-slider=\"28705\" data-id=\"ed941f0\" data-element_type=\"section\" data-e-type=\"section\">\n\t\t\t\t\t\t<div class=\"elementor-container elementor-column-gap-default\">\n\t\t\t\t\t<div class=\"has_eae_slider elementor-column elementor-col-100 elementor-top-column elementor-element elementor-element-105f06a\" data-eae-slider=\"67927\" data-id=\"105f06a\" data-element_type=\"column\" data-e-type=\"column\">\n\t\t\t<div class=\"elementor-widget-wrap elementor-element-populated\">\n\t\t\t\t\t\t<div class=\"elementor-element elementor-element-d6a364c elementor-invisible elementor-widget elementor-widget-text-editor\" data-id=\"d6a364c\" data-element_type=\"widget\" data-e-type=\"widget\" data-settings=\"{&quot;_animation&quot;:&quot;zoomIn&quot;}\" data-widget_type=\"text-editor.default\">\n\t\t\t\t<div class=\"elementor-widget-container\">\n\t\t\t\t\t\t\t\t\t<p><span data-contrast=\"auto\">Na EduLabu se trenuta\u010dno izvode dva projekta financirana od Sveu\u010dili\u0161ta u Rijeci, jedan EU strukturni projekt i jedan Erasmus+ projekt:<\/span><span data-ccp-props=\"{&quot;201341983&quot;:0,&quot;335559739&quot;:160,&quot;335559740&quot;:259}\">\u00a0<\/span><\/p>\n<ul>\n<li><a href=\"https:\/\/degames.uniri.hr\/?page_id=2818\"><span data-contrast=\"auto\">Poticanje motivacije za u\u010denje kori\u0161tenjem igrifikacije<\/span><\/a><span data-contrast=\"none\"> (uniri-iskusni-drustv-23-21)\u00a0<\/span><\/li>\n<li><a href=\"https:\/\/degames.uniri.hr\/?page_id=2849\">Podr\u0161ka personaliziranom u\u010denju u STEM podru\u010dju temeljena na obrazovnim personama i preporukama<\/a> (uniri-iskusni-drustv-23-9)<\/li>\n<li><span data-contrast=\"none\">MetaRoboLearn<\/span><span data-ccp-props=\"{&quot;134233117&quot;:true,&quot;134233118&quot;:true,&quot;201341983&quot;:0,&quot;335557856&quot;:16777215,&quot;335559739&quot;:160,&quot;335559740&quot;:240}\"> <br \/><\/span><\/li>\n<li><span data-contrast=\"none\"><a href=\"https:\/\/www.inf.uniri.hr\/znanstveni-i-strucni-rad\/projekti\/medunarodni-projekti\/90-projekti\/1180-virtualedu\">Upskilling and certification scheme for virtual educators \u2013 VirtualEdu<\/a> (2022-1-RO01-KA220-000086331)<\/span><span data-ccp-props=\"{&quot;134233117&quot;:true,&quot;134233118&quot;:true,&quot;201341983&quot;:0,&quot;335557856&quot;:16777215,&quot;335559739&quot;:160,&quot;335559740&quot;:240}\"> <br \/><\/span><\/li>\n<li><a href=\"https:\/\/degames.uniri.hr\/?page_id=3113\">GenAI u nastavi, u\u010denju i evaluaciji za unaprje\u0111enje digitalnih kompetencija studenata u STEMI obrazovanju (GNUKS)<\/a> (uniri-mz-25-35) ( <a href=\"https:\/\/degames.uniri.hr\/?page_id=3113\">hr<\/a> | <a href=\"https:\/\/degames.uniri.hr\/?page_id=3146\">eng<\/a> )<\/li>\n<\/ul>\t\t\t\t\t\t\t\t<\/div>\n\t\t\t\t<\/div>\n\t\t\t\t\t<\/div>\n\t\t<\/div>\n\t\t\t\t\t<\/div>\n\t\t<\/section>\n\t\t\t\t<section class=\"has_eae_slider elementor-section elementor-top-section elementor-element elementor-element-16254ce elementor-section-boxed elementor-section-height-default elementor-section-height-default\" data-eae-slider=\"94076\" data-id=\"16254ce\" data-element_type=\"section\" data-e-type=\"section\">\n\t\t\t\t\t\t<div class=\"elementor-container elementor-column-gap-default\">\n\t\t\t\t\t<div class=\"has_eae_slider elementor-column elementor-col-100 elementor-top-column elementor-element elementor-element-6e0a82b\" data-eae-slider=\"46795\" data-id=\"6e0a82b\" data-element_type=\"column\" data-e-type=\"column\">\n\t\t\t<div class=\"elementor-widget-wrap elementor-element-populated\">\n\t\t\t\t\t\t<div class=\"elementor-element elementor-element-8796dfe elementor-widget elementor-widget-spacer\" data-id=\"8796dfe\" data-element_type=\"widget\" data-e-type=\"widget\" data-widget_type=\"spacer.default\">\n\t\t\t\t<div class=\"elementor-widget-container\">\n\t\t\t\t\t\t\t<div class=\"elementor-spacer\">\n\t\t\t<div class=\"elementor-spacer-inner\"><\/div>\n\t\t<\/div>\n\t\t\t\t\t\t<\/div>\n\t\t\t\t<\/div>\n\t\t\t\t\t<\/div>\n\t\t<\/div>\n\t\t\t\t\t<\/div>\n\t\t<\/section>\n\t\t\t\t<section class=\"has_eae_slider elementor-section elementor-top-section elementor-element elementor-element-c23d059 elementor-section-boxed elementor-section-height-default elementor-section-height-default\" data-eae-slider=\"67138\" data-id=\"c23d059\" data-element_type=\"section\" data-e-type=\"section\">\n\t\t\t\t\t\t<div class=\"elementor-container elementor-column-gap-default\">\n\t\t\t\t\t<div class=\"has_eae_slider elementor-column elementor-col-100 elementor-top-column elementor-element elementor-element-a8fcddf\" data-eae-slider=\"42676\" data-id=\"a8fcddf\" data-element_type=\"column\" data-e-type=\"column\">\n\t\t\t<div class=\"elementor-widget-wrap elementor-element-populated\">\n\t\t\t\t\t\t<div class=\"elementor-element elementor-element-dd02eac elementor-widget elementor-widget-heading\" data-id=\"dd02eac\" data-element_type=\"widget\" data-e-type=\"widget\" data-widget_type=\"heading.default\">\n\t\t\t\t<div class=\"elementor-widget-container\">\n\t\t\t\t\t<h2 class=\"elementor-heading-title elementor-size-default\">Zavr\u0161eni projekti<\/h2>\t\t\t\t<\/div>\n\t\t\t\t<\/div>\n\t\t\t\t\t<\/div>\n\t\t<\/div>\n\t\t\t\t\t<\/div>\n\t\t<\/section>\n\t\t\t\t<section class=\"has_eae_slider elementor-section elementor-top-section elementor-element elementor-element-e3d307d elementor-section-full_width elementor-section-height-default elementor-section-height-default\" data-eae-slider=\"88210\" data-id=\"e3d307d\" data-element_type=\"section\" data-e-type=\"section\">\n\t\t\t\t\t\t<div class=\"elementor-container elementor-column-gap-default\">\n\t\t\t\t\t<div class=\"has_eae_slider elementor-column elementor-col-100 elementor-top-column elementor-element elementor-element-0d9ec20\" data-eae-slider=\"93345\" data-id=\"0d9ec20\" data-element_type=\"column\" data-e-type=\"column\">\n\t\t\t<div class=\"elementor-widget-wrap elementor-element-populated\">\n\t\t\t\t\t\t<div class=\"elementor-element elementor-element-1d4f8a1 elementor-invisible elementor-widget elementor-widget-text-editor\" data-id=\"1d4f8a1\" data-element_type=\"widget\" data-e-type=\"widget\" data-settings=\"{&quot;_animation&quot;:&quot;zoomIn&quot;}\" data-widget_type=\"text-editor.default\">\n\t\t\t\t<div class=\"elementor-widget-container\">\n\t\t\t\t\t\t\t\t\t<ul>\n<li><span data-contrast=\"auto\">DEGAMES &#8211; <a href=\"https:\/\/degames.uniri.hr\/?page_id=2814\">Digitalne igre u kontekstu u\u010denja, pou\u010davanja i promicanja inkluzivnog obrazovanja<\/a>\u00a0<\/span><span data-ccp-props=\"{&quot;134233117&quot;:true,&quot;134233118&quot;:true,&quot;201341983&quot;:0,&quot;335557856&quot;:16777215,&quot;335559739&quot;:160,&quot;335559740&quot;:240}\"> <br \/><\/span><\/li>\n<\/ul>\t\t\t\t\t\t\t\t<\/div>\n\t\t\t\t<\/div>\n\t\t\t\t\t<\/div>\n\t\t<\/div>\n\t\t\t\t\t<\/div>\n\t\t<\/section>\n\t\t\t\t<\/div>\n\t\t","protected":false},"excerpt":{"rendered":"<p>Aktivni projekti Na EduLabu se trenuta\u010dno izvode dva projekta financirana od Sveu\u010dili\u0161ta u Rijeci, jedan EU strukturni projekt i jedan Erasmus+ projekt:\u00a0 Poticanje motivacije za u\u010denje kori\u0161tenjem igrifikacije (uniri-iskusni-drustv-23-21)\u00a0 Podr\u0161ka personaliziranom u\u010denju u STEM podru\u010dju temeljena na obrazovnim personama i preporukama (uniri-iskusni-drustv-23-9) MetaRoboLearn Upskilling and certification scheme for virtual educators \u2013 VirtualEdu (2022-1-RO01-KA220-000086331) GenAI u [&hellip;]<\/p>\n","protected":false},"author":3,"featured_media":0,"parent":0,"menu_order":5,"comment_status":"closed","ping_status":"closed","template":"","meta":{"footnotes":""},"class_list":["post-52","page","type-page","status-publish","hentry"],"_links":{"self":[{"href":"https:\/\/degames.uniri.hr\/index.php?rest_route=\/wp\/v2\/pages\/52","targetHints":{"allow":["GET"]}}],"collection":[{"href":"https:\/\/degames.uniri.hr\/index.php?rest_route=\/wp\/v2\/pages"}],"about":[{"href":"https:\/\/degames.uniri.hr\/index.php?rest_route=\/wp\/v2\/types\/page"}],"author":[{"embeddable":true,"href":"https:\/\/degames.uniri.hr\/index.php?rest_route=\/wp\/v2\/users\/3"}],"replies":[{"embeddable":true,"href":"https:\/\/degames.uniri.hr\/index.php?rest_route=%2Fwp%2Fv2%2Fcomments&post=52"}],"version-history":[{"count":56,"href":"https:\/\/degames.uniri.hr\/index.php?rest_route=\/wp\/v2\/pages\/52\/revisions"}],"predecessor-version":[{"id":3156,"href":"https:\/\/degames.uniri.hr\/index.php?rest_route=\/wp\/v2\/pages\/52\/revisions\/3156"}],"wp:attachment":[{"href":"https:\/\/degames.uniri.hr\/index.php?rest_route=%2Fwp%2Fv2%2Fmedia&parent=52"}],"curies":[{"name":"wp","href":"https:\/\/api.w.org\/{rel}","templated":true}]}}