{"id":2785,"date":"2024-09-12T11:16:09","date_gmt":"2024-09-12T11:16:09","guid":{"rendered":"https:\/\/degames.uniri.hr\/?page_id=2785"},"modified":"2024-09-12T11:28:49","modified_gmt":"2024-09-12T11:28:49","slug":"edulab","status":"publish","type":"page","link":"https:\/\/degames.uniri.hr\/?page_id=2785","title":{"rendered":"EduLab"},"content":{"rendered":"\t\t<div data-elementor-type=\"wp-post\" data-elementor-id=\"2785\" class=\"elementor elementor-2785\">\n\t\t\t\t\t\t<section class=\"has_eae_slider elementor-section elementor-top-section elementor-element elementor-element-db1c0bd elementor-section-boxed elementor-section-height-default elementor-section-height-default\" data-eae-slider=\"25969\" data-id=\"db1c0bd\" data-element_type=\"section\" data-e-type=\"section\">\n\t\t\t\t\t\t<div class=\"elementor-container elementor-column-gap-default\">\n\t\t\t\t\t<div class=\"has_eae_slider elementor-column elementor-col-100 elementor-top-column elementor-element elementor-element-dc36218\" data-eae-slider=\"73899\" data-id=\"dc36218\" data-element_type=\"column\" data-e-type=\"column\">\n\t\t\t<div class=\"elementor-widget-wrap elementor-element-populated\">\n\t\t\t\t\t\t<div class=\"elementor-element elementor-element-2704a58 elementor-widget elementor-widget-heading\" data-id=\"2704a58\" data-element_type=\"widget\" data-e-type=\"widget\" data-widget_type=\"heading.default\">\n\t\t\t\t<div class=\"elementor-widget-container\">\n\t\t\t\t\t<h2 class=\"elementor-heading-title elementor-size-default\">EduLab - Laboratorij za primjenu informacijskih tehnologija u obrazovanju<\/h2>\t\t\t\t<\/div>\n\t\t\t\t<\/div>\n\t\t\t\t\t<\/div>\n\t\t<\/div>\n\t\t\t\t\t<\/div>\n\t\t<\/section>\n\t\t\t\t<section class=\"has_eae_slider elementor-section elementor-top-section elementor-element elementor-element-ed941f0 elementor-section-full_width elementor-section-height-default elementor-section-height-default\" data-eae-slider=\"31341\" data-id=\"ed941f0\" data-element_type=\"section\" data-e-type=\"section\">\n\t\t\t\t\t\t<div class=\"elementor-container elementor-column-gap-default\">\n\t\t\t\t\t<div class=\"has_eae_slider elementor-column elementor-col-100 elementor-top-column elementor-element elementor-element-93001d0\" data-eae-slider=\"39884\" data-id=\"93001d0\" data-element_type=\"column\" data-e-type=\"column\">\n\t\t\t<div class=\"elementor-widget-wrap elementor-element-populated\">\n\t\t\t\t\t\t<div class=\"elementor-element elementor-element-d6a364c elementor-invisible elementor-widget elementor-widget-text-editor\" data-id=\"d6a364c\" data-element_type=\"widget\" data-e-type=\"widget\" data-settings=\"{&quot;_animation&quot;:&quot;zoomIn&quot;}\" data-widget_type=\"text-editor.default\">\n\t\t\t\t<div class=\"elementor-widget-container\">\n\t\t\t\t\t\t\t\t\t<p><strong>Laboratorij za primjenu informacijskih tehnologija u obrazovanju (EduLab)<\/strong> okuplja istra\u017eiva\u010de koji provode interdisciplinarna istra\u017eivanja u podru\u010dju e-u\u010denja odnosno razvoja i primjene naprednih informacijskih tehnologija za unapre\u0111enje kvalitete u\u010denja i pou\u010davanja. Djeluje u sastavu Fakulteta informatike i digitalnih tehnologija koji predstavlja vode\u0107u sastavnicu na Sveu\u010dili\u0161tu u Rijeci u primjeni e-u\u010denja i na kojem se e-u\u010denje primjenjuje i istra\u017euje ve\u0107 vi\u0161e od 30 godina. Ovo podru\u010dje i danas je izuzetno aktualno te laboratorij nastavlja tradiciju kroz svoja istra\u017eivanja, nagla\u0161avaju\u0107i ne samo va\u017enost primjene informacijskih tehnologija za u\u010denje i pou\u010davanje, ve\u0107 i digitalne transformacije e-u\u010denja u obrazovanju i poslovanju primjenom suvremenih pristupa i modela e-u\u010denja. Voditeljica laboratorija je prof. dr. sc. Nata\u0161a Hoi\u0107-Bo\u017ei\u0107.<\/p>\n<p>\u010clanovi laboratorija bave se razvojem i unaprje\u0111enjem raznih oblika tehnologijom potpomognutog obrazovanja, \u0161to uklju\u010duje digitalne alate, edukativne platforme i aplikacije za obrazovanje, ali i suvremene metode za unapre\u0111enje u\u010denja i pou\u010davanja. Znanstveni i stru\u010dni interesi su u podru\u010dju multimedijskih sustava za e-u\u010denje, prilagodljive hipermedije, sustava preporu\u010divanja, hibridnih pristupa e-u\u010denju, digitalnih alata za pou\u010davanje, u\u010denje i vrednovanje te razli\u010ditih pedago\u0161kih pristupa poput u\u010denja temeljenog na igrama i problemskog u\u010denja.<\/p>\n<p>Trenutno aktualni smjerovi znanstvenih istra\u017eivanja su:<\/p>\n<ul>\n<li>razvoj modela e-u\u010denja temeljen na obrazovnim igrama, igrifikaciji i obrazovnim sustavima preporu\u010divanja<\/li>\n<li>razvoj suvremenih pedago\u0161ko-tehnolo\u0161kih okvira za unaprje\u0111enje kvalitete u\u010denja, pou\u010davanja i promicanja inkluzivnog obrazovanja uz pomo\u0107 obrazovnih igara<\/li>\n<li>razvoj obrazovnih sustava preporu\u010divanja za ra\u010dunalno potpomognuto vrednovanje znanja u STEM podru\u010dju<\/li>\n<li>razvoj okvira za podr\u0161ku neprekinutom u\u010denju uz pomo\u0107 obrazovnih robota putem metaverzuma.<\/li>\n<\/ul>\n<p>Rad laboratorija uklju\u010duje istra\u017eivanje na doma\u0107im i me\u0111unarodnim znanstvenim i stru\u010dnim projektima iz podru\u010dja e-u\u010denja, izradu znanstvenih i stru\u010dnih radova, aktivnosti uspostavljanja kontakata sa sli\u010dnim doma\u0107im i me\u0111unarodnim istra\u017eiva\u010dkim grupama te organizaciju prezentacija, radionica i ostalih doga\u0111anja iz podru\u010dja rada Laboratorija.<\/p>\n<p>\u010clanovi laboratorija organiziraju prezentacije svojih znanstvenih istra\u017eivanja i projekata te predavanja i radionice o trendovima i dobrim praksama iz podru\u010dja e-u\u010denja za ostale djelatnike fakulteta i studente, ali i za nastavnike i u\u010denike u \u0161kolama te ostale zainteresirane za ovo podru\u010dje.<\/p>\n<p>U smislu obrazovanja mladih stru\u010dnjaka, u rad laboratorija su uklju\u010deni doktorandi, a aktivnosti laboratorija uklju\u010duju mentoriranje studenata prijediplomskih i diplomskih studija zainteresiranih za stjecanje dodatnih kompetencija i znanstveno-istra\u017eiva\u010dki rad.<\/p>\t\t\t\t\t\t\t\t<\/div>\n\t\t\t\t<\/div>\n\t\t\t\t\t<\/div>\n\t\t<\/div>\n\t\t\t\t\t<\/div>\n\t\t<\/section>\n\t\t\t\t<section class=\"has_eae_slider elementor-section elementor-top-section elementor-element elementor-element-16254ce elementor-section-boxed elementor-section-height-default elementor-section-height-default\" data-eae-slider=\"39472\" data-id=\"16254ce\" data-element_type=\"section\" data-e-type=\"section\">\n\t\t\t\t\t\t<div class=\"elementor-container elementor-column-gap-default\">\n\t\t\t\t\t<div class=\"has_eae_slider elementor-column elementor-col-100 elementor-top-column elementor-element elementor-element-6e0a82b\" data-eae-slider=\"24815\" data-id=\"6e0a82b\" data-element_type=\"column\" data-e-type=\"column\">\n\t\t\t<div class=\"elementor-widget-wrap elementor-element-populated\">\n\t\t\t\t\t\t<div class=\"elementor-element elementor-element-8796dfe elementor-widget elementor-widget-spacer\" data-id=\"8796dfe\" data-element_type=\"widget\" data-e-type=\"widget\" data-widget_type=\"spacer.default\">\n\t\t\t\t<div class=\"elementor-widget-container\">\n\t\t\t\t\t\t\t<div class=\"elementor-spacer\">\n\t\t\t<div class=\"elementor-spacer-inner\"><\/div>\n\t\t<\/div>\n\t\t\t\t\t\t<\/div>\n\t\t\t\t<\/div>\n\t\t\t\t\t<\/div>\n\t\t<\/div>\n\t\t\t\t\t<\/div>\n\t\t<\/section>\n\t\t\t\t<\/div>\n\t\t","protected":false},"excerpt":{"rendered":"<p>EduLab &#8211; Laboratorij za primjenu informacijskih tehnologija u obrazovanju Laboratorij za primjenu informacijskih tehnologija u obrazovanju (EduLab) okuplja istra\u017eiva\u010de koji provode interdisciplinarna istra\u017eivanja u podru\u010dju e-u\u010denja odnosno razvoja i primjene naprednih informacijskih tehnologija za unapre\u0111enje kvalitete u\u010denja i pou\u010davanja. Djeluje u sastavu Fakulteta informatike i digitalnih tehnologija koji predstavlja vode\u0107u sastavnicu na Sveu\u010dili\u0161tu u Rijeci [&hellip;]<\/p>\n","protected":false},"author":3,"featured_media":0,"parent":0,"menu_order":4,"comment_status":"closed","ping_status":"closed","template":"","meta":{"footnotes":""},"class_list":["post-2785","page","type-page","status-publish","hentry"],"_links":{"self":[{"href":"https:\/\/degames.uniri.hr\/index.php?rest_route=\/wp\/v2\/pages\/2785","targetHints":{"allow":["GET"]}}],"collection":[{"href":"https:\/\/degames.uniri.hr\/index.php?rest_route=\/wp\/v2\/pages"}],"about":[{"href":"https:\/\/degames.uniri.hr\/index.php?rest_route=\/wp\/v2\/types\/page"}],"author":[{"embeddable":true,"href":"https:\/\/degames.uniri.hr\/index.php?rest_route=\/wp\/v2\/users\/3"}],"replies":[{"embeddable":true,"href":"https:\/\/degames.uniri.hr\/index.php?rest_route=%2Fwp%2Fv2%2Fcomments&post=2785"}],"version-history":[{"count":4,"href":"https:\/\/degames.uniri.hr\/index.php?rest_route=\/wp\/v2\/pages\/2785\/revisions"}],"predecessor-version":[{"id":2789,"href":"https:\/\/degames.uniri.hr\/index.php?rest_route=\/wp\/v2\/pages\/2785\/revisions\/2789"}],"wp:attachment":[{"href":"https:\/\/degames.uniri.hr\/index.php?rest_route=%2Fwp%2Fv2%2Fmedia&parent=2785"}],"curies":[{"name":"wp","href":"https:\/\/api.w.org\/{rel}","templated":true}]}}