{"id":275,"date":"2019-07-24T11:39:59","date_gmt":"2019-07-24T11:39:59","guid":{"rendered":"https:\/\/degames.uniri.hr\/?page_id=275"},"modified":"2019-07-29T09:21:46","modified_gmt":"2019-07-29T09:21:46","slug":"racunalno-razmisljanje-2-2","status":"publish","type":"page","link":"https:\/\/degames.uniri.hr\/?page_id=275","title":{"rendered":"Inkluzivno obrazovanje"},"content":{"rendered":"\t\t<div data-elementor-type=\"wp-post\" data-elementor-id=\"275\" class=\"elementor elementor-275\">\n\t\t\t\t\t\t<section class=\"has_eae_slider elementor-section elementor-top-section elementor-element elementor-element-41ce7d4 elementor-section-boxed elementor-section-height-default elementor-section-height-default elementor-invisible\" data-eae-slider=\"40295\" data-id=\"41ce7d4\" data-element_type=\"section\" data-e-type=\"section\" data-settings=\"{&quot;background_background&quot;:&quot;classic&quot;,&quot;animation&quot;:&quot;zoomIn&quot;}\">\n\t\t\t\t\t\t<div class=\"elementor-container elementor-column-gap-default\">\n\t\t\t\t\t<div class=\"has_eae_slider elementor-column elementor-col-100 elementor-top-column elementor-element elementor-element-7ed668e\" data-eae-slider=\"67036\" data-id=\"7ed668e\" data-element_type=\"column\" data-e-type=\"column\">\n\t\t\t<div class=\"elementor-widget-wrap elementor-element-populated\">\n\t\t\t\t\t\t<div class=\"elementor-element elementor-element-9f925dd elementor-position-left elementor-vertical-align-top elementor-widget elementor-widget-image-box\" data-id=\"9f925dd\" data-element_type=\"widget\" data-e-type=\"widget\" data-widget_type=\"image-box.default\">\n\t\t\t\t<div class=\"elementor-widget-container\">\n\t\t\t\t\t<div class=\"elementor-image-box-wrapper\"><figure class=\"elementor-image-box-img\"><img decoding=\"async\" width=\"150\" height=\"150\" src=\"https:\/\/degames.uniri.hr\/wp-content\/uploads\/2019\/07\/Inclusion-Lethbridge_Icon_White-150x150.png\" class=\"attachment-thumbnail size-thumbnail wp-image-129\" alt=\"\" \/><\/figure><div class=\"elementor-image-box-content\"><h3 class=\"elementor-image-box-title\">Inkluzivno obrazovanje<\/h3><p class=\"elementor-image-box-description\">U sklopu projekta istra\u017eit \u0107e se kako se koncepti GBL mogu iskoristiti za promicanje inkluzije u\u010denika s intelektualnim te\u0161ko\u0107ama kroz pomo\u0107 u usvajanju novih podataka, razvoju novih vje\u0161tina i stjecanju \u017eivotnih kompetencija.<\/p><\/div><\/div>\t\t\t\t<\/div>\n\t\t\t\t<\/div>\n\t\t\t\t\t<\/div>\n\t\t<\/div>\n\t\t\t\t\t<\/div>\n\t\t<\/section>\n\t\t\t\t<section class=\"has_eae_slider elementor-section elementor-top-section elementor-element elementor-element-161d10c elementor-section-boxed elementor-section-height-default elementor-section-height-default\" data-eae-slider=\"41059\" data-id=\"161d10c\" data-element_type=\"section\" data-e-type=\"section\">\n\t\t\t\t\t\t<div class=\"elementor-container elementor-column-gap-default\">\n\t\t\t\t\t<div class=\"has_eae_slider elementor-column elementor-col-100 elementor-top-column elementor-element elementor-element-49581cd\" data-eae-slider=\"54973\" data-id=\"49581cd\" data-element_type=\"column\" data-e-type=\"column\">\n\t\t\t<div class=\"elementor-widget-wrap elementor-element-populated\">\n\t\t\t\t\t\t<div class=\"elementor-element elementor-element-d1ff0fe elementor-widget elementor-widget-spacer\" data-id=\"d1ff0fe\" data-element_type=\"widget\" data-e-type=\"widget\" data-widget_type=\"spacer.default\">\n\t\t\t\t<div class=\"elementor-widget-container\">\n\t\t\t\t\t\t\t<div class=\"elementor-spacer\">\n\t\t\t<div class=\"elementor-spacer-inner\"><\/div>\n\t\t<\/div>\n\t\t\t\t\t\t<\/div>\n\t\t\t\t<\/div>\n\t\t\t\t\t<\/div>\n\t\t<\/div>\n\t\t\t\t\t<\/div>\n\t\t<\/section>\n\t\t\t\t<section class=\"has_eae_slider elementor-section elementor-top-section elementor-element elementor-element-412ebd5 elementor-section-boxed elementor-section-height-default elementor-section-height-default elementor-invisible\" data-eae-slider=\"80732\" data-id=\"412ebd5\" data-element_type=\"section\" data-e-type=\"section\" data-settings=\"{&quot;animation&quot;:&quot;zoomIn&quot;}\">\n\t\t\t\t\t\t<div class=\"elementor-container elementor-column-gap-default\">\n\t\t\t\t\t<div class=\"has_eae_slider elementor-column elementor-col-66 elementor-top-column elementor-element elementor-element-f9387e0\" data-eae-slider=\"54465\" data-id=\"f9387e0\" data-element_type=\"column\" data-e-type=\"column\">\n\t\t\t<div class=\"elementor-widget-wrap elementor-element-populated\">\n\t\t\t\t\t\t<div class=\"elementor-element elementor-element-4a11ad2 elementor-widget elementor-widget-text-editor\" data-id=\"4a11ad2\" data-element_type=\"widget\" data-e-type=\"widget\" data-widget_type=\"text-editor.default\">\n\t\t\t\t<div class=\"elementor-widget-container\">\n\t\t\t\t\t\t\t\t\t<p>Intelektualne te\u0161ko\u0107e podrazumijevaju zaostajanje psihosocijalnog razvoja (naro\u010dito kognitivnog) za prosje\u010dnim psihosocijalnim razvojem osoba iste kronolo\u0161ke dobi. Pritom, osnovni pokazatelj postajanja te\u0161ko\u0107e nije isklju\u010divo IQ (kvocijent inteligencije), ve\u0107 se u obzir uzimaju sposobnosti osobe, njezina okolina i stvarno funkcioniranje u socijalnom prostoru.<\/p><p>Jedan od glavnih razloga uvo\u0111enja digitalnih igra u odgoj i obrazovanje u\u010denika s te\u0161ko\u0107ama u razvoju jest omogu\u0107iti im \u0161to lak\u0161e stjecanje funkcionalnih i adaptivnih vje\u0161tina i znanja \u0161to za posljedicu ima lak\u0161u integraciju i punopravnu participaciju u dru\u0161tvu \u010diji su dionici.<\/p>\t\t\t\t\t\t\t\t<\/div>\n\t\t\t\t<\/div>\n\t\t\t\t\t<\/div>\n\t\t<\/div>\n\t\t\t\t<div class=\"has_eae_slider elementor-column elementor-col-33 elementor-top-column elementor-element elementor-element-401439f\" data-eae-slider=\"27625\" data-id=\"401439f\" data-element_type=\"column\" data-e-type=\"column\">\n\t\t\t<div class=\"elementor-widget-wrap elementor-element-populated\">\n\t\t\t\t\t\t<div class=\"elementor-element elementor-element-e7f73b2 elementor-widget elementor-widget-image\" data-id=\"e7f73b2\" data-element_type=\"widget\" data-e-type=\"widget\" data-widget_type=\"image.default\">\n\t\t\t\t<div class=\"elementor-widget-container\">\n\t\t\t\t\t\t\t\t\t\t\t\t\t\t\t<img fetchpriority=\"high\" decoding=\"async\" width=\"960\" height=\"641\" src=\"https:\/\/degames.uniri.hr\/wp-content\/uploads\/2019\/07\/ipad-3765920_960_720.jpg\" class=\"attachment-large size-large wp-image-309\" alt=\"\" srcset=\"https:\/\/degames.uniri.hr\/wp-content\/uploads\/2019\/07\/ipad-3765920_960_720.jpg 960w, https:\/\/degames.uniri.hr\/wp-content\/uploads\/2019\/07\/ipad-3765920_960_720-300x200.jpg 300w, https:\/\/degames.uniri.hr\/wp-content\/uploads\/2019\/07\/ipad-3765920_960_720-768x513.jpg 768w\" sizes=\"(max-width: 960px) 100vw, 960px\" \/>\t\t\t\t\t\t\t\t\t\t\t\t\t\t\t<\/div>\n\t\t\t\t<\/div>\n\t\t\t\t\t<\/div>\n\t\t<\/div>\n\t\t\t\t\t<\/div>\n\t\t<\/section>\n\t\t\t\t<section class=\"has_eae_slider elementor-section elementor-top-section elementor-element elementor-element-0831793 elementor-section-boxed elementor-section-height-default elementor-section-height-default\" data-eae-slider=\"64930\" data-id=\"0831793\" data-element_type=\"section\" data-e-type=\"section\">\n\t\t\t\t\t\t<div class=\"elementor-container elementor-column-gap-default\">\n\t\t\t\t\t<div class=\"has_eae_slider elementor-column elementor-col-100 elementor-top-column elementor-element elementor-element-2c58728\" data-eae-slider=\"34353\" data-id=\"2c58728\" data-element_type=\"column\" data-e-type=\"column\">\n\t\t\t<div class=\"elementor-widget-wrap elementor-element-populated\">\n\t\t\t\t\t\t<div class=\"elementor-element elementor-element-36954e1 elementor-widget elementor-widget-spacer\" data-id=\"36954e1\" data-element_type=\"widget\" data-e-type=\"widget\" data-widget_type=\"spacer.default\">\n\t\t\t\t<div class=\"elementor-widget-container\">\n\t\t\t\t\t\t\t<div class=\"elementor-spacer\">\n\t\t\t<div class=\"elementor-spacer-inner\"><\/div>\n\t\t<\/div>\n\t\t\t\t\t\t<\/div>\n\t\t\t\t<\/div>\n\t\t\t\t\t<\/div>\n\t\t<\/div>\n\t\t\t\t\t<\/div>\n\t\t<\/section>\n\t\t\t\t<section class=\"has_eae_slider elementor-section elementor-top-section elementor-element elementor-element-cd97367 elementor-section-boxed elementor-section-height-default elementor-section-height-default\" data-eae-slider=\"23669\" data-id=\"cd97367\" data-element_type=\"section\" data-e-type=\"section\">\n\t\t\t\t\t\t<div class=\"elementor-container elementor-column-gap-default\">\n\t\t\t\t\t<div class=\"has_eae_slider elementor-column elementor-col-100 elementor-top-column elementor-element elementor-element-9005c01\" data-eae-slider=\"18854\" data-id=\"9005c01\" data-element_type=\"column\" data-e-type=\"column\">\n\t\t\t<div class=\"elementor-widget-wrap elementor-element-populated\">\n\t\t\t\t\t\t<div class=\"elementor-element elementor-element-4984824 elementor-widget elementor-widget-text-editor\" data-id=\"4984824\" data-element_type=\"widget\" data-e-type=\"widget\" data-widget_type=\"text-editor.default\">\n\t\t\t\t<div class=\"elementor-widget-container\">\n\t\t\t\t\t\t\t\t\t<p>Strategije aktivnog u\u010denja i pou\u010davanja podrazumijevaju u\u010denje i pou\u010davanje temeljeno na igri. Igra je sastavni dio u\u010denja i pou\u010davanja svih dobnih skupina, posebice u\u010denika s te\u0161ko\u0107ama u razvoju. Pou\u010davanje koje promatra igru kao kontekst koji uklju\u010duje poseban set pona\u0161anja, u obzir uzima individualan pristup. Na takav se na\u010din odre\u0111eni obrazovni sadr\u017eaji mogu pribli\u017eiti u\u010denicima na prilago\u0111en i njima razumljiv na\u010din. Upravo ta \u010dinjenica u\u010denje temeljeno na igri \u010dini interesantnim podru\u010djem za istra\u017eivanje. U\u010denje temeljeno na digitalnim igrama u\u010denicima s intelektualnim te\u0161ko\u0107ama mo\u017ee pomo\u0107i u usvajanju novih podataka, usvajanju i razvoju novih vje\u0161tina, stjecanju (\u017eivotnih) kompetencija, razvoju socijalnih vje\u0161tina i formiranju na\u010dina razmi\u0161ljanja. Igra djeluje na u\u010denika kroz bio, socijalni, kulturalni, emocionalni (afektivni), kognitivni i tjelesni aspekt te kao takva ima direktan utjecaj na pona\u0161anje, na\u010din mi\u0161ljenja i percepcije svijeta u kojem osoba \u017eivi i djeluje.<\/p>\t\t\t\t\t\t\t\t<\/div>\n\t\t\t\t<\/div>\n\t\t\t\t\t<\/div>\n\t\t<\/div>\n\t\t\t\t\t<\/div>\n\t\t<\/section>\n\t\t\t\t<section class=\"has_eae_slider elementor-section elementor-top-section elementor-element elementor-element-1635601 elementor-section-boxed elementor-section-height-default elementor-section-height-default\" data-eae-slider=\"98456\" data-id=\"1635601\" data-element_type=\"section\" data-e-type=\"section\">\n\t\t\t\t\t\t<div class=\"elementor-container elementor-column-gap-default\">\n\t\t\t\t\t<div class=\"has_eae_slider elementor-column elementor-col-100 elementor-top-column elementor-element elementor-element-e144499\" data-eae-slider=\"51582\" data-id=\"e144499\" data-element_type=\"column\" data-e-type=\"column\">\n\t\t\t<div class=\"elementor-widget-wrap elementor-element-populated\">\n\t\t\t\t\t\t<div class=\"elementor-element elementor-element-dbedd47 elementor-widget elementor-widget-spacer\" data-id=\"dbedd47\" data-element_type=\"widget\" data-e-type=\"widget\" data-widget_type=\"spacer.default\">\n\t\t\t\t<div class=\"elementor-widget-container\">\n\t\t\t\t\t\t\t<div class=\"elementor-spacer\">\n\t\t\t<div class=\"elementor-spacer-inner\"><\/div>\n\t\t<\/div>\n\t\t\t\t\t\t<\/div>\n\t\t\t\t<\/div>\n\t\t\t\t\t<\/div>\n\t\t<\/div>\n\t\t\t\t\t<\/div>\n\t\t<\/section>\n\t\t\t\t<section class=\"has_eae_slider elementor-section elementor-top-section elementor-element elementor-element-b5be9b8 elementor-section-boxed elementor-section-height-default elementor-section-height-default elementor-invisible\" data-eae-slider=\"96114\" data-id=\"b5be9b8\" data-element_type=\"section\" data-e-type=\"section\" data-settings=\"{&quot;animation&quot;:&quot;zoomIn&quot;}\">\n\t\t\t\t\t\t<div class=\"elementor-container elementor-column-gap-default\">\n\t\t\t\t\t<div class=\"has_eae_slider elementor-column elementor-col-100 elementor-top-column elementor-element elementor-element-b1e580e\" data-eae-slider=\"88629\" data-id=\"b1e580e\" data-element_type=\"column\" data-e-type=\"column\">\n\t\t\t<div class=\"elementor-widget-wrap elementor-element-populated\">\n\t\t\t\t\t\t<div class=\"elementor-element elementor-element-8e34f1e elementor-widget elementor-widget-heading\" data-id=\"8e34f1e\" data-element_type=\"widget\" data-e-type=\"widget\" data-widget_type=\"heading.default\">\n\t\t\t\t<div class=\"elementor-widget-container\">\n\t\t\t\t\t<h2 class=\"elementor-heading-title elementor-size-default\">Vijesti uz inkluzivno obrazovanje<\/h2>\t\t\t\t<\/div>\n\t\t\t\t<\/div>\n\t\t\t\t\t<\/div>\n\t\t<\/div>\n\t\t\t\t\t<\/div>\n\t\t<\/section>\n\t\t\t\t<section class=\"has_eae_slider elementor-section elementor-top-section elementor-element elementor-element-e66dc50 elementor-section-boxed elementor-section-height-default elementor-section-height-default elementor-invisible\" data-eae-slider=\"57075\" data-id=\"e66dc50\" data-element_type=\"section\" data-e-type=\"section\" data-settings=\"{&quot;animation&quot;:&quot;zoomIn&quot;}\">\n\t\t\t\t\t\t<div class=\"elementor-container elementor-column-gap-default\">\n\t\t\t\t\t<div class=\"has_eae_slider elementor-column elementor-col-100 elementor-top-column elementor-element elementor-element-417cd36\" data-eae-slider=\"87230\" data-id=\"417cd36\" data-element_type=\"column\" data-e-type=\"column\">\n\t\t\t<div class=\"elementor-widget-wrap elementor-element-populated\">\n\t\t\t\t\t\t<div class=\"elementor-element elementor-element-bde1454 eae-pl-img-align-left elementor-widget elementor-widget-wts-postlist\" data-id=\"bde1454\" data-element_type=\"widget\" data-e-type=\"widget\" data-widget_type=\"wts-postlist.default\">\n\t\t\t\t<div class=\"elementor-widget-container\">\n\t\t\t\t\t\t\t\t<div class=\"wts-eae-pl-wrapper\">\n\t\t\t\t\t\t\t\t\t\t<ul>\n\t\t\t\t\t\t\t\t\t\t\t\t\t\t<li>\n\t\t\t\t\t\t\t\t\t\t\t\t\t\t\t\t\t<h3 class=\"eae-pl-title\"><a href=\"https:\/\/degames.uniri.hr\/?p=2685\" title=\"Obranjena doktorska disertacija\">Obranjena doktorska disertacija<\/a><\/h3>\n\t\t\t\t\t\t\t\t\t\t\t\t\t\t\t\t\t\t\t\t\t\t\t\t\t<div class=\"eae-pl-image-wrapper\">\n\t\t\t\t\t\t\t\t\t\t<a href=\"https:\/\/degames.uniri.hr\/?p=2685\" title=\"Obranjena doktorska disertacija\">\n\t\t\t\t\t\t\t\t\t\t\t<img decoding=\"async\" width=\"150\" height=\"150\" src=\"https:\/\/degames.uniri.hr\/wp-content\/uploads\/2024\/01\/1-150x150.jpg\" class=\"attachment-thumbnail size-thumbnail wp-post-image\" alt=\"\" \/>\t\t\t\t\t\t\t\t\t\t<\/a>\n\t\t\t\t\t\t\t\t\t<\/div>\n\t\t\t\t\t\t\t\t\t\t\t\t\t\t\t\t\t\t<div class=\"eae-pl-content-box-wrapper\">\n\n\t\t\t\t\t\t\t\t\t\n\t\t\t\t\t\t\t\t\t\t\t\t\t\t\t\t\t\t\t<div class=\"eae-pl-content-box\">\n\t\t\t\t\t\t\t\t\t\t\tU petak, 15. prosinca 2023. godine, asistent i doktorand Kristian Stan\u010din uspje\u0161no je obranio svoju doktorsku disertaciju pod naslovom \"Sustav za predlaganje digitalnih obrazovnih igara kao potpora planiranju odgojno-obrazovnih aktivnosti u\u010denika s intelektualnim te\u0161ko\u0107ama\", izra\u0111enu pod mentorstvom prof. dr. sc....\t\t\t\t\t\t\t\t\t\t<\/div>\n\t\t\t\t\t\t\t\t\t\n\t\t\t\t\t\t\t\t\t\t\t\t\t\t\t\t\t\t\t<div class=\"eae-pl-readmore\">\n\t\t\t\t\t\t\t\t\t\t\t<a href=\"https:\/\/degames.uniri.hr\/?p=2685\" title=\"Obranjena doktorska disertacija\">Vi\u0161e<\/a>\n\t\t\t\t\t\t\t\t\t\t<\/div>\n\t\t\t\t\t\t\t\t\t\t\t\t\t\t\t\t\t\t<\/div>\n\t\t\t\t\t\t\t\t<\/li>\n\t\t\t\t\t\t\t\t\t\t\t\t\t\t\t<li>\n\t\t\t\t\t\t\t\t\t\t\t\t\t\t\t\t\t<h3 class=\"eae-pl-title\"><a href=\"https:\/\/degames.uniri.hr\/?p=2636\" title=\"Sudjelovanje na \u017dSV edukacijskih rehabilitatora PG\u017d\">Sudjelovanje na \u017dSV edukacijskih rehabilitatora PG\u017d<\/a><\/h3>\n\t\t\t\t\t\t\t\t\t\t\t\t\t\t\t\t\t\t\t\t\t\t\t\t\t<div class=\"eae-pl-image-wrapper\">\n\t\t\t\t\t\t\t\t\t\t<a href=\"https:\/\/degames.uniri.hr\/?p=2636\" title=\"Sudjelovanje na \u017dSV edukacijskih rehabilitatora PG\u017d\">\n\t\t\t\t\t\t\t\t\t\t\t<img loading=\"lazy\" decoding=\"async\" width=\"150\" height=\"150\" src=\"https:\/\/degames.uniri.hr\/wp-content\/uploads\/2023\/09\/zsv_pgz_ks-150x150.jpg\" class=\"attachment-thumbnail size-thumbnail wp-post-image\" alt=\"\" \/>\t\t\t\t\t\t\t\t\t\t<\/a>\n\t\t\t\t\t\t\t\t\t<\/div>\n\t\t\t\t\t\t\t\t\t\t\t\t\t\t\t\t\t\t<div class=\"eae-pl-content-box-wrapper\">\n\n\t\t\t\t\t\t\t\t\t\n\t\t\t\t\t\t\t\t\t\t\t\t\t\t\t\t\t\t\t<div class=\"eae-pl-content-box\">\n\t\t\t\t\t\t\t\t\t\t\tDana 29.8.2023. godine doktorand Kristian Stan\u010din predstavio je u Centru za odgoj i obrazovanje Rijeka svoj prototip sustava za predlaganje digitalnih obrazovnih igara za u\u010denike s intelektualnim te\u0161ko\u0107ama kojeg izra\u0111uje u sklopu doktorske disertacije na \u017dupanijskom stru\u010dnom vije\u0107u edukacijskih rehabilitatora...\t\t\t\t\t\t\t\t\t\t<\/div>\n\t\t\t\t\t\t\t\t\t\n\t\t\t\t\t\t\t\t\t\t\t\t\t\t\t\t\t\t\t<div class=\"eae-pl-readmore\">\n\t\t\t\t\t\t\t\t\t\t\t<a href=\"https:\/\/degames.uniri.hr\/?p=2636\" title=\"Sudjelovanje na \u017dSV edukacijskih rehabilitatora PG\u017d\">Vi\u0161e<\/a>\n\t\t\t\t\t\t\t\t\t\t<\/div>\n\t\t\t\t\t\t\t\t\t\t\t\t\t\t\t\t\t\t<\/div>\n\t\t\t\t\t\t\t\t<\/li>\n\t\t\t\t\t\t\t\t\t\t\t\t\t\t\t<li>\n\t\t\t\t\t\t\t\t\t\t\t\t\t\t\t\t\t<h3 class=\"eae-pl-title\"><a href=\"https:\/\/degames.uniri.hr\/?p=2063\" title=\"Objava rada u \u010dasopisu\">Objava rada u \u010dasopisu<\/a><\/h3>\n\t\t\t\t\t\t\t\t\t\t\t\t\t\t\t\t\t\t\t\t\t\t\t\t\t<div class=\"eae-pl-image-wrapper\">\n\t\t\t\t\t\t\t\t\t\t<a href=\"https:\/\/degames.uniri.hr\/?p=2063\" title=\"Objava rada u \u010dasopisu\">\n\t\t\t\t\t\t\t\t\t\t\t<img loading=\"lazy\" decoding=\"async\" width=\"150\" height=\"150\" src=\"https:\/\/degames.uniri.hr\/wp-content\/uploads\/2022\/12\/ijgbl-150x150.png\" class=\"attachment-thumbnail size-thumbnail wp-post-image\" alt=\"\" \/>\t\t\t\t\t\t\t\t\t\t<\/a>\n\t\t\t\t\t\t\t\t\t<\/div>\n\t\t\t\t\t\t\t\t\t\t\t\t\t\t\t\t\t\t<div class=\"eae-pl-content-box-wrapper\">\n\n\t\t\t\t\t\t\t\t\t\n\t\t\t\t\t\t\t\t\t\t\t\t\t\t\t\t\t\t\t<div class=\"eae-pl-content-box\">\n\t\t\t\t\t\t\t\t\t\t\tU studenom 2022. godine objavljen je rad pod nazivom \u201eKey Characteristics of Digital Educational Games for Students with Intellectual Disabilities\u201c. Autori rada su Kristian Stan\u010din, prof. dr. sc. Nata\u0161a Hoi\u0107-Bo\u017ei\u0107 i izv. prof. dr. sc. Sanja Sko\u010di\u0107 Mihi\u0107. Rad je...\t\t\t\t\t\t\t\t\t\t<\/div>\n\t\t\t\t\t\t\t\t\t\n\t\t\t\t\t\t\t\t\t\t\t\t\t\t\t\t\t\t\t<div class=\"eae-pl-readmore\">\n\t\t\t\t\t\t\t\t\t\t\t<a href=\"https:\/\/degames.uniri.hr\/?p=2063\" title=\"Objava rada u \u010dasopisu\">Vi\u0161e<\/a>\n\t\t\t\t\t\t\t\t\t\t<\/div>\n\t\t\t\t\t\t\t\t\t\t\t\t\t\t\t\t\t\t<\/div>\n\t\t\t\t\t\t\t\t<\/li>\n\t\t\t\t\t\t\t\t\t\t\t\t\t\t\t<li>\n\t\t\t\t\t\t\t\t\t\t\t\t\t\t\t\t\t<h3 class=\"eae-pl-title\"><a href=\"https:\/\/degames.uniri.hr\/?p=1587\" title=\"Javna obrana teme doktorske disertacije\">Javna obrana teme doktorske disertacije<\/a><\/h3>\n\t\t\t\t\t\t\t\t\t\t\t\t\t\t\t\t\t\t\t\t\t\t\t\t\t<div class=\"eae-pl-image-wrapper\">\n\t\t\t\t\t\t\t\t\t\t<a href=\"https:\/\/degames.uniri.hr\/?p=1587\" title=\"Javna obrana teme doktorske disertacije\">\n\t\t\t\t\t\t\t\t\t\t\t<img loading=\"lazy\" decoding=\"async\" width=\"150\" height=\"99\" src=\"https:\/\/degames.uniri.hr\/wp-content\/uploads\/2022\/04\/obrana_teme_stancin-e1649833581319-150x99.png\" class=\"attachment-thumbnail size-thumbnail wp-post-image\" alt=\"\" \/>\t\t\t\t\t\t\t\t\t\t<\/a>\n\t\t\t\t\t\t\t\t\t<\/div>\n\t\t\t\t\t\t\t\t\t\t\t\t\t\t\t\t\t\t<div class=\"eae-pl-content-box-wrapper\">\n\n\t\t\t\t\t\t\t\t\t\n\t\t\t\t\t\t\t\t\t\t\t\t\t\t\t\t\t\t\t<div class=\"eae-pl-content-box\">\n\t\t\t\t\t\t\t\t\t\t\tU petak, 28. sije\u010dnja 2022. godine u 10:00 sati  doktorand Kristian Stan\u010din odr\u017eao je Javnu obranu teme doktorske disertacije pod nazivom \"Sustav za predlaganje digitalnih obrazovnih igara  kao potpora planiranju odgojno-obrazovnih aktivnosti u\u010denika s  intelektualnim te\u0161ko\u0107ama\" (\"A...\t\t\t\t\t\t\t\t\t\t<\/div>\n\t\t\t\t\t\t\t\t\t\n\t\t\t\t\t\t\t\t\t\t\t\t\t\t\t\t\t\t\t<div class=\"eae-pl-readmore\">\n\t\t\t\t\t\t\t\t\t\t\t<a href=\"https:\/\/degames.uniri.hr\/?p=1587\" title=\"Javna obrana teme doktorske disertacije\">Vi\u0161e<\/a>\n\t\t\t\t\t\t\t\t\t\t<\/div>\n\t\t\t\t\t\t\t\t\t\t\t\t\t\t\t\t\t\t<\/div>\n\t\t\t\t\t\t\t\t<\/li>\n\t\t\t\t\t\t\t\t\t\t\t\t\t\t\t<li>\n\t\t\t\t\t\t\t\t\t\t\t\t\t\t\t\t\t<h3 class=\"eae-pl-title\"><a href=\"https:\/\/degames.uniri.hr\/?p=1413\" title=\"Javno izlaganje o rezultatima istra\u017eivanja\">Javno izlaganje o rezultatima istra\u017eivanja<\/a><\/h3>\n\t\t\t\t\t\t\t\t\t\t\t\t\t\t\t\t\t\t\t\t\t\t\t\t\t<div class=\"eae-pl-image-wrapper\">\n\t\t\t\t\t\t\t\t\t\t<a href=\"https:\/\/degames.uniri.hr\/?p=1413\" title=\"Javno izlaganje o rezultatima istra\u017eivanja\">\n\t\t\t\t\t\t\t\t\t\t\t<img loading=\"lazy\" decoding=\"async\" width=\"150\" height=\"78\" src=\"https:\/\/degames.uniri.hr\/wp-content\/uploads\/2021\/11\/20211112_100724_edited-e1636982429703-150x78.jpg\" class=\"attachment-thumbnail size-thumbnail wp-post-image\" alt=\"\" \/>\t\t\t\t\t\t\t\t\t\t<\/a>\n\t\t\t\t\t\t\t\t\t<\/div>\n\t\t\t\t\t\t\t\t\t\t\t\t\t\t\t\t\t\t<div class=\"eae-pl-content-box-wrapper\">\n\n\t\t\t\t\t\t\t\t\t\n\t\t\t\t\t\t\t\t\t\t\t\t\t\t\t\t\t\t\t<div class=\"eae-pl-content-box\">\n\t\t\t\t\t\t\t\t\t\t\tDoktorand Kristian Stan\u010din odr\u017eao je Javno izlaganje o rezultatima istra\u017eivanja u sklopu svog doktorskog studija te na njemu izlo\u017eio rezultate istra\u017eivanja na projektu te planove za budu\u0107a istra\u017eivanja koja idu u smjeru izrade sustava za predlaganje digitalnih obrazovnih igara kao...\t\t\t\t\t\t\t\t\t\t<\/div>\n\t\t\t\t\t\t\t\t\t\n\t\t\t\t\t\t\t\t\t\t\t\t\t\t\t\t\t\t\t<div class=\"eae-pl-readmore\">\n\t\t\t\t\t\t\t\t\t\t\t<a href=\"https:\/\/degames.uniri.hr\/?p=1413\" title=\"Javno izlaganje o rezultatima istra\u017eivanja\">Vi\u0161e<\/a>\n\t\t\t\t\t\t\t\t\t\t<\/div>\n\t\t\t\t\t\t\t\t\t\t\t\t\t\t\t\t\t\t<\/div>\n\t\t\t\t\t\t\t\t<\/li>\n\t\t\t\t\t\t\t\t\t\t\t\t\t\t\t<li>\n\t\t\t\t\t\t\t\t\t\t\t\t\t\t\t\t\t<h3 class=\"eae-pl-title\"><a href=\"https:\/\/degames.uniri.hr\/?p=1352\" title=\"Sudjelovanje na ECGBL 2021 konferenciji\">Sudjelovanje na ECGBL 2021 konferenciji<\/a><\/h3>\n\t\t\t\t\t\t\t\t\t\t\t\t\t\t\t\t\t\t\t\t\t\t\t\t\t<div class=\"eae-pl-image-wrapper\">\n\t\t\t\t\t\t\t\t\t\t<a href=\"https:\/\/degames.uniri.hr\/?p=1352\" title=\"Sudjelovanje na ECGBL 2021 konferenciji\">\n\t\t\t\t\t\t\t\t\t\t\t<img loading=\"lazy\" decoding=\"async\" width=\"150\" height=\"150\" src=\"https:\/\/degames.uniri.hr\/wp-content\/uploads\/2021\/09\/ecgbl_slika-e1632822918284-150x150.png\" class=\"attachment-thumbnail size-thumbnail wp-post-image\" alt=\"\" \/>\t\t\t\t\t\t\t\t\t\t<\/a>\n\t\t\t\t\t\t\t\t\t<\/div>\n\t\t\t\t\t\t\t\t\t\t\t\t\t\t\t\t\t\t<div class=\"eae-pl-content-box-wrapper\">\n\n\t\t\t\t\t\t\t\t\t\n\t\t\t\t\t\t\t\t\t\t\t\t\t\t\t\t\t\t\t<div class=\"eae-pl-content-box\">\n\t\t\t\t\t\t\t\t\t\t\tDoktorand i \u010dlan projektnog tima Kristian\nStan\u010din sudjelovao je na konferenciji \u201eEuropean Conference on Games Based\nLearning\u201d (ECGBL 2021) koja se odr\u017eavala 23.-24. rujna 2021. godine preko Zoom\nplatforme u organizaciji Sveu\u010dili\u0161ta u Brightonu. \n\n\n\nNa konferenciji prezentiran je poster pod nazivom \u201c Digital...\t\t\t\t\t\t\t\t\t\t<\/div>\n\t\t\t\t\t\t\t\t\t\n\t\t\t\t\t\t\t\t\t\t\t\t\t\t\t\t\t\t\t<div class=\"eae-pl-readmore\">\n\t\t\t\t\t\t\t\t\t\t\t<a href=\"https:\/\/degames.uniri.hr\/?p=1352\" title=\"Sudjelovanje na ECGBL 2021 konferenciji\">Vi\u0161e<\/a>\n\t\t\t\t\t\t\t\t\t\t<\/div>\n\t\t\t\t\t\t\t\t\t\t\t\t\t\t\t\t\t\t<\/div>\n\t\t\t\t\t\t\t\t<\/li>\n\t\t\t\t\t\t\t\t\t\t\t\t\t<\/ul>\n\t\t\t\t\t\t\t\t\t<\/div>\n\t\t\t\t\t\t<\/div>\n\t\t\t\t<\/div>\n\t\t\t\t\t<\/div>\n\t\t<\/div>\n\t\t\t\t\t<\/div>\n\t\t<\/section>\n\t\t\t\t<\/div>\n\t\t","protected":false},"excerpt":{"rendered":"<p>Inkluzivno obrazovanje U sklopu projekta istra\u017eit \u0107e se kako se koncepti GBL mogu iskoristiti za promicanje inkluzije u\u010denika s intelektualnim te\u0161ko\u0107ama kroz pomo\u0107 u usvajanju novih podataka, razvoju novih vje\u0161tina i stjecanju \u017eivotnih kompetencija. Intelektualne te\u0161ko\u0107e podrazumijevaju zaostajanje psihosocijalnog razvoja (naro\u010dito kognitivnog) za prosje\u010dnim psihosocijalnim razvojem osoba iste kronolo\u0161ke dobi. Pritom, osnovni pokazatelj postajanja te\u0161ko\u0107e [&hellip;]<\/p>\n","protected":false},"author":3,"featured_media":0,"parent":0,"menu_order":2,"comment_status":"closed","ping_status":"closed","template":"","meta":{"footnotes":""},"class_list":["post-275","page","type-page","status-publish","hentry"],"_links":{"self":[{"href":"https:\/\/degames.uniri.hr\/index.php?rest_route=\/wp\/v2\/pages\/275","targetHints":{"allow":["GET"]}}],"collection":[{"href":"https:\/\/degames.uniri.hr\/index.php?rest_route=\/wp\/v2\/pages"}],"about":[{"href":"https:\/\/degames.uniri.hr\/index.php?rest_route=\/wp\/v2\/types\/page"}],"author":[{"embeddable":true,"href":"https:\/\/degames.uniri.hr\/index.php?rest_route=\/wp\/v2\/users\/3"}],"replies":[{"embeddable":true,"href":"https:\/\/degames.uniri.hr\/index.php?rest_route=%2Fwp%2Fv2%2Fcomments&post=275"}],"version-history":[{"count":6,"href":"https:\/\/degames.uniri.hr\/index.php?rest_route=\/wp\/v2\/pages\/275\/revisions"}],"predecessor-version":[{"id":360,"href":"https:\/\/degames.uniri.hr\/index.php?rest_route=\/wp\/v2\/pages\/275\/revisions\/360"}],"wp:attachment":[{"href":"https:\/\/degames.uniri.hr\/index.php?rest_route=%2Fwp%2Fv2%2Fmedia&parent=275"}],"curies":[{"name":"wp","href":"https:\/\/api.w.org\/{rel}","templated":true}]}}