{"id":271,"date":"2019-07-24T11:34:48","date_gmt":"2019-07-24T11:34:48","guid":{"rendered":"https:\/\/degames.uniri.hr\/?page_id=271"},"modified":"2024-03-19T06:42:47","modified_gmt":"2024-03-19T06:42:47","slug":"racunalno-razmisljanje-2","status":"publish","type":"page","link":"https:\/\/degames.uniri.hr\/?page_id=271","title":{"rendered":"U\u010denje programiranja"},"content":{"rendered":"\t\t<div data-elementor-type=\"wp-post\" data-elementor-id=\"271\" class=\"elementor elementor-271\">\n\t\t\t\t\t\t<section class=\"has_eae_slider elementor-section elementor-top-section elementor-element elementor-element-41ce7d4 elementor-section-boxed elementor-section-height-default elementor-section-height-default elementor-invisible\" data-eae-slider=\"50433\" data-id=\"41ce7d4\" data-element_type=\"section\" data-e-type=\"section\" data-settings=\"{&quot;background_background&quot;:&quot;classic&quot;,&quot;animation&quot;:&quot;zoomIn&quot;}\">\n\t\t\t\t\t\t<div class=\"elementor-container elementor-column-gap-default\">\n\t\t\t\t\t<div class=\"has_eae_slider elementor-column elementor-col-100 elementor-top-column elementor-element elementor-element-7ed668e\" data-eae-slider=\"58543\" data-id=\"7ed668e\" data-element_type=\"column\" data-e-type=\"column\">\n\t\t\t<div class=\"elementor-widget-wrap elementor-element-populated\">\n\t\t\t\t\t\t<div class=\"elementor-element elementor-element-9f925dd elementor-position-left elementor-vertical-align-top elementor-widget elementor-widget-image-box\" data-id=\"9f925dd\" data-element_type=\"widget\" data-e-type=\"widget\" data-widget_type=\"image-box.default\">\n\t\t\t\t<div class=\"elementor-widget-container\">\n\t\t\t\t\t<div class=\"elementor-image-box-wrapper\"><figure class=\"elementor-image-box-img\"><img decoding=\"async\" width=\"150\" height=\"150\" src=\"https:\/\/degames.uniri.hr\/wp-content\/uploads\/2019\/07\/programiranje_white-150x150.png\" class=\"attachment-thumbnail size-thumbnail wp-image-130\" alt=\"\" srcset=\"https:\/\/degames.uniri.hr\/wp-content\/uploads\/2019\/07\/programiranje_white-150x150.png 150w, https:\/\/degames.uniri.hr\/wp-content\/uploads\/2019\/07\/programiranje_white-300x300.png 300w, https:\/\/degames.uniri.hr\/wp-content\/uploads\/2019\/07\/programiranje_white.png 512w\" sizes=\"(max-width: 150px) 100vw, 150px\" \/><\/figure><div class=\"elementor-image-box-content\"><h3 class=\"elementor-image-box-title\">U\u010denje programiranja<\/h3><p class=\"elementor-image-box-description\">U sklopu projekta istra\u017eit \u0107e se kako se GBL mo\u017ee primijeniti za poticanje motivacije za u\u010denje programiranja odnosno ostvarivanje ishoda domene ra\u010dunalno razmi\u0161ljanje i programiranje u nastavi Informatike u osnovnoj \u0161koli. <\/p><\/div><\/div>\t\t\t\t<\/div>\n\t\t\t\t<\/div>\n\t\t\t\t\t<\/div>\n\t\t<\/div>\n\t\t\t\t\t<\/div>\n\t\t<\/section>\n\t\t\t\t<section class=\"has_eae_slider elementor-section elementor-top-section elementor-element elementor-element-161d10c elementor-section-boxed elementor-section-height-default elementor-section-height-default\" data-eae-slider=\"51030\" data-id=\"161d10c\" data-element_type=\"section\" data-e-type=\"section\">\n\t\t\t\t\t\t<div class=\"elementor-container elementor-column-gap-default\">\n\t\t\t\t\t<div class=\"has_eae_slider elementor-column elementor-col-100 elementor-top-column elementor-element elementor-element-49581cd\" data-eae-slider=\"73244\" data-id=\"49581cd\" data-element_type=\"column\" data-e-type=\"column\">\n\t\t\t<div class=\"elementor-widget-wrap elementor-element-populated\">\n\t\t\t\t\t\t<div class=\"elementor-element elementor-element-d1ff0fe elementor-widget elementor-widget-spacer\" data-id=\"d1ff0fe\" data-element_type=\"widget\" data-e-type=\"widget\" data-widget_type=\"spacer.default\">\n\t\t\t\t<div class=\"elementor-widget-container\">\n\t\t\t\t\t\t\t<div class=\"elementor-spacer\">\n\t\t\t<div class=\"elementor-spacer-inner\"><\/div>\n\t\t<\/div>\n\t\t\t\t\t\t<\/div>\n\t\t\t\t<\/div>\n\t\t\t\t\t<\/div>\n\t\t<\/div>\n\t\t\t\t\t<\/div>\n\t\t<\/section>\n\t\t\t\t<section class=\"has_eae_slider elementor-section elementor-top-section elementor-element elementor-element-1635601 elementor-section-boxed elementor-section-height-default elementor-section-height-default\" data-eae-slider=\"3574\" data-id=\"1635601\" data-element_type=\"section\" data-e-type=\"section\">\n\t\t\t\t\t\t<div class=\"elementor-container elementor-column-gap-default\">\n\t\t\t\t\t<div class=\"has_eae_slider elementor-column elementor-col-100 elementor-top-column elementor-element elementor-element-e144499\" data-eae-slider=\"16193\" data-id=\"e144499\" data-element_type=\"column\" data-e-type=\"column\">\n\t\t\t<div class=\"elementor-widget-wrap elementor-element-populated\">\n\t\t\t\t\t\t<div class=\"elementor-element elementor-element-dbedd47 elementor-widget elementor-widget-spacer\" data-id=\"dbedd47\" data-element_type=\"widget\" data-e-type=\"widget\" data-widget_type=\"spacer.default\">\n\t\t\t\t<div class=\"elementor-widget-container\">\n\t\t\t\t\t\t\t<div class=\"elementor-spacer\">\n\t\t\t<div class=\"elementor-spacer-inner\"><\/div>\n\t\t<\/div>\n\t\t\t\t\t\t<\/div>\n\t\t\t\t<\/div>\n\t\t\t\t\t<\/div>\n\t\t<\/div>\n\t\t\t\t\t<\/div>\n\t\t<\/section>\n\t\t\t\t<section class=\"has_eae_slider elementor-section elementor-top-section elementor-element elementor-element-b5be9b8 elementor-section-boxed elementor-section-height-default elementor-section-height-default elementor-invisible\" data-eae-slider=\"4476\" data-id=\"b5be9b8\" data-element_type=\"section\" data-e-type=\"section\" data-settings=\"{&quot;animation&quot;:&quot;zoomIn&quot;}\">\n\t\t\t\t\t\t<div class=\"elementor-container elementor-column-gap-default\">\n\t\t\t\t\t<div class=\"has_eae_slider elementor-column elementor-col-100 elementor-top-column elementor-element elementor-element-b1e580e\" data-eae-slider=\"86520\" data-id=\"b1e580e\" data-element_type=\"column\" data-e-type=\"column\">\n\t\t\t<div class=\"elementor-widget-wrap elementor-element-populated\">\n\t\t\t\t\t\t<div class=\"elementor-element elementor-element-8e34f1e elementor-widget elementor-widget-heading\" data-id=\"8e34f1e\" data-element_type=\"widget\" data-e-type=\"widget\" data-widget_type=\"heading.default\">\n\t\t\t\t<div class=\"elementor-widget-container\">\n\t\t\t\t\t<h2 class=\"elementor-heading-title elementor-size-default\">Vijesti uz u\u010denje programiranja<\/h2>\t\t\t\t<\/div>\n\t\t\t\t<\/div>\n\t\t\t\t\t<\/div>\n\t\t<\/div>\n\t\t\t\t\t<\/div>\n\t\t<\/section>\n\t\t\t\t<section class=\"has_eae_slider elementor-section elementor-top-section elementor-element elementor-element-e66dc50 elementor-section-boxed elementor-section-height-default elementor-section-height-default elementor-invisible\" data-eae-slider=\"22344\" data-id=\"e66dc50\" data-element_type=\"section\" data-e-type=\"section\" data-settings=\"{&quot;animation&quot;:&quot;zoomIn&quot;}\">\n\t\t\t\t\t\t<div class=\"elementor-container elementor-column-gap-default\">\n\t\t\t\t\t<div class=\"has_eae_slider elementor-column elementor-col-100 elementor-top-column elementor-element elementor-element-417cd36\" data-eae-slider=\"90018\" data-id=\"417cd36\" data-element_type=\"column\" data-e-type=\"column\">\n\t\t\t<div class=\"elementor-widget-wrap elementor-element-populated\">\n\t\t\t\t\t\t<div class=\"elementor-element elementor-element-bde1454 eae-pl-img-align-left elementor-widget elementor-widget-wts-postlist\" data-id=\"bde1454\" data-element_type=\"widget\" data-e-type=\"widget\" data-widget_type=\"wts-postlist.default\">\n\t\t\t\t<div class=\"elementor-widget-container\">\n\t\t\t\t\t\t\t\t<div class=\"wts-eae-pl-wrapper\">\n\t\t\t\t\t\t\t\t\t\t<ul>\n\t\t\t\t\t\t\t\t\t\t\t\t\t\t<li>\n\t\t\t\t\t\t\t\t\t\t\t\t\t\t\t\t\t<h3 class=\"eae-pl-title\"><a href=\"https:\/\/degames.uniri.hr\/?p=3236\" title=\"MetaRoboLearn radionica (1. ciklus): U\u010denje programiranja kori\u0161tenjem AI robota\">MetaRoboLearn radionica (1. ciklus): U\u010denje programiranja kori\u0161tenjem AI robota<\/a><\/h3>\n\t\t\t\t\t\t\t\t\t\t\t\t\t\t\t\t\t\t\t\t\t\t\t\t\t<div class=\"eae-pl-image-wrapper\">\n\t\t\t\t\t\t\t\t\t\t<a href=\"https:\/\/degames.uniri.hr\/?p=3236\" title=\"MetaRoboLearn radionica (1. ciklus): U\u010denje programiranja kori\u0161tenjem AI robota\">\n\t\t\t\t\t\t\t\t\t\t\t<img decoding=\"async\" width=\"150\" height=\"150\" src=\"https:\/\/degames.uniri.hr\/wp-content\/uploads\/2026\/03\/IMG_1206-150x150.jpg\" class=\"attachment-thumbnail size-thumbnail wp-post-image\" alt=\"\" \/>\t\t\t\t\t\t\t\t\t\t<\/a>\n\t\t\t\t\t\t\t\t\t<\/div>\n\t\t\t\t\t\t\t\t\t\t\t\t\t\t\t\t\t\t<div class=\"eae-pl-content-box-wrapper\">\n\n\t\t\t\t\t\t\t\t\t\n\t\t\t\t\t\t\t\t\t\t\t\t\t\t\t\t\t\t\t<div class=\"eae-pl-content-box\">\n\t\t\t\t\t\t\t\t\t\t\tU sklopu projekta MetaRoboLearn, 17. o\u017eujka 2026. na Fakultetu informatike i digitalnih tehnologija odr\u017eana je radionica koju su vodili Antun Drobnjak, univ. mag. ing. comp., Ivan Terzi\u0107, univ. mag. ing. comp., Lovro Jaki\u0107, univ. mag. ing. comp. i Matija Lovrekovi\u0107,...\t\t\t\t\t\t\t\t\t\t<\/div>\n\t\t\t\t\t\t\t\t\t\n\t\t\t\t\t\t\t\t\t\t\t\t\t\t\t\t\t\t\t<div class=\"eae-pl-readmore\">\n\t\t\t\t\t\t\t\t\t\t\t<a href=\"https:\/\/degames.uniri.hr\/?p=3236\" title=\"MetaRoboLearn radionica (1. ciklus): U\u010denje programiranja kori\u0161tenjem AI robota\">Vi\u0161e<\/a>\n\t\t\t\t\t\t\t\t\t\t<\/div>\n\t\t\t\t\t\t\t\t\t\t\t\t\t\t\t\t\t\t<\/div>\n\t\t\t\t\t\t\t\t<\/li>\n\t\t\t\t\t\t\t\t\t\t\t\t\t\t\t<li>\n\t\t\t\t\t\t\t\t\t\t\t\t\t\t\t\t\t<h3 class=\"eae-pl-title\"><a href=\"https:\/\/degames.uniri.hr\/?p=3222\" title=\"Bo\u017ei\u0107na radionica robotike i programiranja u sklopu projekta MetaRoboLearn\">Bo\u017ei\u0107na radionica robotike i programiranja u sklopu projekta MetaRoboLearn<\/a><\/h3>\n\t\t\t\t\t\t\t\t\t\t\t\t\t\t\t\t\t\t\t\t\t\t\t\t\t<div class=\"eae-pl-image-wrapper\">\n\t\t\t\t\t\t\t\t\t\t<a href=\"https:\/\/degames.uniri.hr\/?p=3222\" title=\"Bo\u017ei\u0107na radionica robotike i programiranja u sklopu projekta MetaRoboLearn\">\n\t\t\t\t\t\t\t\t\t\t\t<img decoding=\"async\" width=\"150\" height=\"150\" src=\"https:\/\/degames.uniri.hr\/wp-content\/uploads\/2026\/03\/IMG_6370-150x150.jpg\" class=\"attachment-thumbnail size-thumbnail wp-post-image\" alt=\"\" \/>\t\t\t\t\t\t\t\t\t\t<\/a>\n\t\t\t\t\t\t\t\t\t<\/div>\n\t\t\t\t\t\t\t\t\t\t\t\t\t\t\t\t\t\t<div class=\"eae-pl-content-box-wrapper\">\n\n\t\t\t\t\t\t\t\t\t\n\t\t\t\t\t\t\t\t\t\t\t\t\t\t\t\t\t\t\t<div class=\"eae-pl-content-box\">\n\t\t\t\t\t\t\t\t\t\t\tU sklopu projekta MetaRoboLearn odr\u017eana je bo\u017ei\u0107na radionica 18. prosinca 2025. godine na Fakultetu informatike i digitalnih tehnologija. Radionicu su vodili Ivan Terzi\u0107, univ. bacc. ing. i Lovro Jaki\u0107, univ. bacc. ing., s Fakulteta elektrotehnike i ra\u010dunarstva Sveu\u010dili\u0161ta u Zagrebu...\t\t\t\t\t\t\t\t\t\t<\/div>\n\t\t\t\t\t\t\t\t\t\n\t\t\t\t\t\t\t\t\t\t\t\t\t\t\t\t\t\t\t<div class=\"eae-pl-readmore\">\n\t\t\t\t\t\t\t\t\t\t\t<a href=\"https:\/\/degames.uniri.hr\/?p=3222\" title=\"Bo\u017ei\u0107na radionica robotike i programiranja u sklopu projekta MetaRoboLearn\">Vi\u0161e<\/a>\n\t\t\t\t\t\t\t\t\t\t<\/div>\n\t\t\t\t\t\t\t\t\t\t\t\t\t\t\t\t\t\t<\/div>\n\t\t\t\t\t\t\t\t<\/li>\n\t\t\t\t\t\t\t\t\t\t\t\t\t\t\t<li>\n\t\t\t\t\t\t\t\t\t\t\t\t\t\t\t\t\t<h3 class=\"eae-pl-title\"><a href=\"https:\/\/degames.uniri.hr\/?p=3201\" title=\"Prezentacija na radionici MetaRoboLearn u okviru konferencije ICCE 2025\">Prezentacija na radionici MetaRoboLearn u okviru konferencije ICCE 2025<\/a><\/h3>\n\t\t\t\t\t\t\t\t\t\t\t\t\t\t\t\t\t\t\t\t\t\t\t\t\t<div class=\"eae-pl-image-wrapper\">\n\t\t\t\t\t\t\t\t\t\t<a href=\"https:\/\/degames.uniri.hr\/?p=3201\" title=\"Prezentacija na radionici MetaRoboLearn u okviru konferencije ICCE 2025\">\n\t\t\t\t\t\t\t\t\t\t\t<img loading=\"lazy\" decoding=\"async\" width=\"150\" height=\"150\" src=\"https:\/\/degames.uniri.hr\/wp-content\/uploads\/2025\/12\/IMG_1225-150x150.jpg\" class=\"attachment-thumbnail size-thumbnail wp-post-image\" alt=\"\" \/>\t\t\t\t\t\t\t\t\t\t<\/a>\n\t\t\t\t\t\t\t\t\t<\/div>\n\t\t\t\t\t\t\t\t\t\t\t\t\t\t\t\t\t\t<div class=\"eae-pl-content-box-wrapper\">\n\n\t\t\t\t\t\t\t\t\t\n\t\t\t\t\t\t\t\t\t\t\t\t\t\t\t\t\t\t\t<div class=\"eae-pl-content-box\">\n\t\t\t\t\t\t\t\t\t\t\tNa me\u0111unarodnoj radionici 1st ICCE Workshop on Seamless Learning with Educational Robots and Metaverse Technology u sklopu konferencije ICCE 2025 odr\u017eanoj u Chennaiju (Indija), izv. prof. dr. sc. Martina Holenko Dlab predstavila je znanstveni rad pod naslovom \u201cExploring Primary School...\t\t\t\t\t\t\t\t\t\t<\/div>\n\t\t\t\t\t\t\t\t\t\n\t\t\t\t\t\t\t\t\t\t\t\t\t\t\t\t\t\t\t<div class=\"eae-pl-readmore\">\n\t\t\t\t\t\t\t\t\t\t\t<a href=\"https:\/\/degames.uniri.hr\/?p=3201\" title=\"Prezentacija na radionici MetaRoboLearn u okviru konferencije ICCE 2025\">Vi\u0161e<\/a>\n\t\t\t\t\t\t\t\t\t\t<\/div>\n\t\t\t\t\t\t\t\t\t\t\t\t\t\t\t\t\t\t<\/div>\n\t\t\t\t\t\t\t\t<\/li>\n\t\t\t\t\t\t\t\t\t\t\t\t\t\t\t<li>\n\t\t\t\t\t\t\t\t\t\t\t\t\t\t\t\t\t<h3 class=\"eae-pl-title\"><a href=\"https:\/\/degames.uniri.hr\/?p=3220\" title=\"Sudjelovanje na radionici Interdisciplinarni pristup razvoju matemati\u010dke pismenosti i ra\u010dunalnog razmi\u0161ljanja\">Sudjelovanje na radionici Interdisciplinarni pristup razvoju matemati\u010dke pismenosti i ra\u010dunalnog razmi\u0161ljanja<\/a><\/h3>\n\t\t\t\t\t\t\t\t\t\t\t\t\t\t\t\t\t\t\t\t\t\t\t\t\t<div class=\"eae-pl-image-wrapper\">\n\t\t\t\t\t\t\t\t\t\t<a href=\"https:\/\/degames.uniri.hr\/?p=3220\" title=\"Sudjelovanje na radionici Interdisciplinarni pristup razvoju matemati\u010dke pismenosti i ra\u010dunalnog razmi\u0161ljanja\">\n\t\t\t\t\t\t\t\t\t\t\t<img loading=\"lazy\" decoding=\"async\" width=\"150\" height=\"150\" src=\"https:\/\/degames.uniri.hr\/wp-content\/uploads\/2025\/12\/18596e23-e43c-476a-9e90-8bb84e9d8a3e-150x150.jpg\" class=\"attachment-thumbnail size-thumbnail wp-post-image\" alt=\"\" \/>\t\t\t\t\t\t\t\t\t\t<\/a>\n\t\t\t\t\t\t\t\t\t<\/div>\n\t\t\t\t\t\t\t\t\t\t\t\t\t\t\t\t\t\t<div class=\"eae-pl-content-box-wrapper\">\n\n\t\t\t\t\t\t\t\t\t\n\t\t\t\t\t\t\t\t\t\t\t\t\t\t\t\t\t\t\t<div class=\"eae-pl-content-box\">\n\t\t\t\t\t\t\t\t\t\t\tU sklopu radionice Interdisciplinarni pristup razvoju matemati\u010dke pismenosti i ra\u010dunalnog razmi\u0161ljanja, koja se odr\u017eala 24. studenoga 2025. u okviru projekta SciMaG, dvije \u010dlanice EduLab-a odr\u017eale su sljede\u0107a predavanja:\n\n\n\n\nMarina \u017duni\u0107, mag. educ. inf.: Razvoj ra\u010dunalnog razmi\u0161ljanja i u\u010denje programiranja kroz obrazovnu...\t\t\t\t\t\t\t\t\t\t<\/div>\n\t\t\t\t\t\t\t\t\t\n\t\t\t\t\t\t\t\t\t\t\t\t\t\t\t\t\t\t\t<div class=\"eae-pl-readmore\">\n\t\t\t\t\t\t\t\t\t\t\t<a href=\"https:\/\/degames.uniri.hr\/?p=3220\" title=\"Sudjelovanje na radionici Interdisciplinarni pristup razvoju matemati\u010dke pismenosti i ra\u010dunalnog razmi\u0161ljanja\">Vi\u0161e<\/a>\n\t\t\t\t\t\t\t\t\t\t<\/div>\n\t\t\t\t\t\t\t\t\t\t\t\t\t\t\t\t\t\t<\/div>\n\t\t\t\t\t\t\t\t<\/li>\n\t\t\t\t\t\t\t\t\t\t\t\t\t\t\t<li>\n\t\t\t\t\t\t\t\t\t\t\t\t\t\t\t\t\t<h3 class=\"eae-pl-title\"><a href=\"https:\/\/degames.uniri.hr\/?p=3192\" title=\"Predstavljanje rezultata projekta MetaRoboLearn na Universit\u00e0 degli Studi di Cagliari\">Predstavljanje rezultata projekta MetaRoboLearn na Universit\u00e0 degli Studi di Cagliari<\/a><\/h3>\n\t\t\t\t\t\t\t\t\t\t\t\t\t\t\t\t\t\t\t\t\t\t\t\t\t<div class=\"eae-pl-image-wrapper\">\n\t\t\t\t\t\t\t\t\t\t<a href=\"https:\/\/degames.uniri.hr\/?p=3192\" title=\"Predstavljanje rezultata projekta MetaRoboLearn na Universit\u00e0 degli Studi di Cagliari\">\n\t\t\t\t\t\t\t\t\t\t\t<img loading=\"lazy\" decoding=\"async\" width=\"150\" height=\"150\" src=\"https:\/\/degames.uniri.hr\/wp-content\/uploads\/2025\/11\/thumbnail_IMG_2111-150x150.jpg\" class=\"attachment-thumbnail size-thumbnail wp-post-image\" alt=\"\" \/>\t\t\t\t\t\t\t\t\t\t<\/a>\n\t\t\t\t\t\t\t\t\t<\/div>\n\t\t\t\t\t\t\t\t\t\t\t\t\t\t\t\t\t\t<div class=\"eae-pl-content-box-wrapper\">\n\n\t\t\t\t\t\t\t\t\t\n\t\t\t\t\t\t\t\t\t\t\t\t\t\t\t\t\t\t\t<div class=\"eae-pl-content-box\">\n\t\t\t\t\t\t\t\t\t\t\t\u010clan EduLab-a doc. dr. sc. Kristian Stan\u010din u sklopu Erasmus mobilnosti predstavio je 22.10.2025. godine dosada\u0161nje ostvarene rezultate na projektu MetaRoboLearn \u2013 Neprekinuto (eng. seamless) u\u010denje uz obrazovne robote putem metaverzuma (NPOO.C3.2.R3-I1.04.0194) na Sveu\u010dili\u0161tu Cagliari, Odjelu za matematiku i informatiku.\t\t\t\t\t\t\t\t\t\t<\/div>\n\t\t\t\t\t\t\t\t\t\n\t\t\t\t\t\t\t\t\t\t\t\t\t\t\t\t\t\t\t<div class=\"eae-pl-readmore\">\n\t\t\t\t\t\t\t\t\t\t\t<a href=\"https:\/\/degames.uniri.hr\/?p=3192\" title=\"Predstavljanje rezultata projekta MetaRoboLearn na Universit\u00e0 degli Studi di Cagliari\">Vi\u0161e<\/a>\n\t\t\t\t\t\t\t\t\t\t<\/div>\n\t\t\t\t\t\t\t\t\t\t\t\t\t\t\t\t\t\t<\/div>\n\t\t\t\t\t\t\t\t<\/li>\n\t\t\t\t\t\t\t\t\t\t\t\t\t\t\t<li>\n\t\t\t\t\t\t\t\t\t\t\t\t\t\t\t\t\t<h3 class=\"eae-pl-title\"><a href=\"https:\/\/degames.uniri.hr\/?p=3167\" title=\"Odr\u017eana radionica Razvijanje ra\u010dunalnog razmi\u0161ljanja uz pomo\u0107 edukacijskih robota i metaverzuma\">Odr\u017eana radionica Razvijanje ra\u010dunalnog razmi\u0161ljanja uz pomo\u0107 edukacijskih robota i metaverzuma<\/a><\/h3>\n\t\t\t\t\t\t\t\t\t\t\t\t\t\t\t\t\t\t\t\t\t\t\t\t\t<div class=\"eae-pl-image-wrapper\">\n\t\t\t\t\t\t\t\t\t\t<a href=\"https:\/\/degames.uniri.hr\/?p=3167\" title=\"Odr\u017eana radionica Razvijanje ra\u010dunalnog razmi\u0161ljanja uz pomo\u0107 edukacijskih robota i metaverzuma\">\n\t\t\t\t\t\t\t\t\t\t\t<img loading=\"lazy\" decoding=\"async\" width=\"150\" height=\"150\" src=\"https:\/\/degames.uniri.hr\/wp-content\/uploads\/2025\/11\/IMG_3435-150x150.jpg\" class=\"attachment-thumbnail size-thumbnail wp-post-image\" alt=\"\" \/>\t\t\t\t\t\t\t\t\t\t<\/a>\n\t\t\t\t\t\t\t\t\t<\/div>\n\t\t\t\t\t\t\t\t\t\t\t\t\t\t\t\t\t\t<div class=\"eae-pl-content-box-wrapper\">\n\n\t\t\t\t\t\t\t\t\t\n\t\t\t\t\t\t\t\t\t\t\t\t\t\t\t\t\t\t\t<div class=\"eae-pl-content-box\">\n\t\t\t\t\t\t\t\t\t\t\tU Oto\u010dcu je, u sklopu \u017dupanijskog stru\u010dnog vije\u0107a u\u010ditelja informatike Li\u010dko-senjske \u017eupanije, odr\u017eana radionica pod nazivom \u201eRazvijanje ra\u010dunalnog razmi\u0161ljanja uz pomo\u0107 edukacijskih robota i metaverzuma\u201c. Radionicu su kao dio aktivnosti projekta MetaRoboLearn zajedni\u010dki vodili:\n\n\n\n\nizv. prof. dr. sc. Martina Holenko Dlab...\t\t\t\t\t\t\t\t\t\t<\/div>\n\t\t\t\t\t\t\t\t\t\n\t\t\t\t\t\t\t\t\t\t\t\t\t\t\t\t\t\t\t<div class=\"eae-pl-readmore\">\n\t\t\t\t\t\t\t\t\t\t\t<a href=\"https:\/\/degames.uniri.hr\/?p=3167\" title=\"Odr\u017eana radionica Razvijanje ra\u010dunalnog razmi\u0161ljanja uz pomo\u0107 edukacijskih robota i metaverzuma\">Vi\u0161e<\/a>\n\t\t\t\t\t\t\t\t\t\t<\/div>\n\t\t\t\t\t\t\t\t\t\t\t\t\t\t\t\t\t\t<\/div>\n\t\t\t\t\t\t\t\t<\/li>\n\t\t\t\t\t\t\t\t\t\t\t\t\t<\/ul>\n\t\t\t\t\t\t\t\t\t<\/div>\n\t\t\t\t\t\t<\/div>\n\t\t\t\t<\/div>\n\t\t\t\t\t<\/div>\n\t\t<\/div>\n\t\t\t\t\t<\/div>\n\t\t<\/section>\n\t\t\t\t<\/div>\n\t\t","protected":false},"excerpt":{"rendered":"<p>U\u010denje programiranja U sklopu projekta istra\u017eit \u0107e se kako se GBL mo\u017ee primijeniti za poticanje motivacije za u\u010denje programiranja odnosno ostvarivanje ishoda domene ra\u010dunalno razmi\u0161ljanje i programiranje u nastavi Informatike u osnovnoj \u0161koli. Vijesti uz u\u010denje programiranja Sudjelovanje na ICRESS 2023 konferenciji Ana Vrcelj, Martina Holenko Dlab i Nata\u0161a Hoi\u0107-Bo\u017ei\u0107 sudjelovale su na 5th International [&hellip;]<\/p>\n","protected":false},"author":3,"featured_media":0,"parent":0,"menu_order":14,"comment_status":"closed","ping_status":"closed","template":"","meta":{"footnotes":""},"class_list":["post-271","page","type-page","status-publish","hentry"],"_links":{"self":[{"href":"https:\/\/degames.uniri.hr\/index.php?rest_route=\/wp\/v2\/pages\/271","targetHints":{"allow":["GET"]}}],"collection":[{"href":"https:\/\/degames.uniri.hr\/index.php?rest_route=\/wp\/v2\/pages"}],"about":[{"href":"https:\/\/degames.uniri.hr\/index.php?rest_route=\/wp\/v2\/types\/page"}],"author":[{"embeddable":true,"href":"https:\/\/degames.uniri.hr\/index.php?rest_route=\/wp\/v2\/users\/3"}],"replies":[{"embeddable":true,"href":"https:\/\/degames.uniri.hr\/index.php?rest_route=%2Fwp%2Fv2%2Fcomments&post=271"}],"version-history":[{"count":8,"href":"https:\/\/degames.uniri.hr\/index.php?rest_route=\/wp\/v2\/pages\/271\/revisions"}],"predecessor-version":[{"id":2725,"href":"https:\/\/degames.uniri.hr\/index.php?rest_route=\/wp\/v2\/pages\/271\/revisions\/2725"}],"wp:attachment":[{"href":"https:\/\/degames.uniri.hr\/index.php?rest_route=%2Fwp%2Fv2%2Fmedia&parent=271"}],"curies":[{"name":"wp","href":"https:\/\/api.w.org\/{rel}","templated":true}]}}